{"id":157,"date":"2015-11-12T09:56:55","date_gmt":"2015-11-12T09:56:55","guid":{"rendered":"http:\/\/www.maestral-camping.hr\/sl\/?page_id=157"},"modified":"2024-04-16T20:55:56","modified_gmt":"2024-04-16T20:55:56","slug":"kontakt","status":"publish","type":"page","link":"https:\/\/www.maestral-camping.hr\/sl\/kontakt\/","title":{"rendered":"Kontakt"},"content":{"rendered":"\n<p><strong>Rezervacija<\/strong><\/p>\n\n\n\n<p><a href=\"https:\/\/www.maestral-camping.hr\/sl\/faq\/\"><strong>Prosimo, preverite na\u0161a &#8220;Pogosta vpra\u0161anja &amp; Hi\u0161ni red&#8221;, preden po\u0161ljete e-po\u0161to.<\/strong><\/a><\/p>\n\n\n\n<p>Za rezervacije in vsa druga vpra\u0161anja v zvezi s kampiranjem v Maestralu nam pi\u0161ite na elektronski naslov <a href=\"mailto:info@maestral-camping.hr\">info@maestral-camping.hr<\/a><\/p>\n\n\n\n<p>. <\/p>\n\n\n<div id=\"wpgmza_map_1\" class=\"wpgmza_map wpgmza-auto-left\" style=\"display:block;width:100%;height:400px;overflow:hidden;position:relative;\" data-map-id=\"1\" data-maps-engine=\"google-maps\" data-build-engine=\"atlas-novus\" data-shortcode-attributes=\"{&quot;id&quot;:&quot;1&quot;,&quot;zoom&quot;:false,&quot;width&quot;:false,&quot;height&quot;:false,&quot;marker&quot;:false,&quot;classname&quot;:false}\" data-settings=\"{&quot;map_title&quot;:&quot;MaestralMap&quot;,&quot;map_width&quot;:&quot;100&quot;,&quot;map_height&quot;:&quot;400&quot;,&quot;map_start_lat&quot;:&quot;42.97909908118078&quot;,&quot;map_start_lng&quot;:&quot;17.106456926569336&quot;,&quot;map_start_location&quot;:&quot;43.65858379160082,17.381059374999992&quot;,&quot;map_start_zoom&quot;:&quot;7&quot;,&quot;default_marker&quot;:&quot;0&quot;,&quot;type&quot;:&quot;3&quot;,&quot;alignment&quot;:&quot;2&quot;,&quot;directions_enabled&quot;:&quot;1&quot;,&quot;styling_enabled&quot;:&quot;0&quot;,&quot;styling_json&quot;:&quot;&quot;,&quot;active&quot;:&quot;0&quot;,&quot;kml&quot;:&quot;&quot;,&quot;bicycle&quot;:&quot;0&quot;,&quot;traffic&quot;:&quot;0&quot;,&quot;dbox&quot;:&quot;1&quot;,&quot;dbox_width&quot;:&quot;250&quot;,&quot;listmarkers&quot;:&quot;0&quot;,&quot;listmarkers_advanced&quot;:&quot;0&quot;,&quot;filterbycat&quot;:&quot;0&quot;,&quot;ugm_enabled&quot;:&quot;0&quot;,&quot;ugm_category_enabled&quot;:&quot;0&quot;,&quot;fusion&quot;:&quot;&quot;,&quot;map_width_type&quot;:&quot;%&quot;,&quot;map_height_type&quot;:&quot;px&quot;,&quot;mass_marker_support&quot;:&quot;1&quot;,&quot;ugm_access&quot;:&quot;0&quot;,&quot;order_markers_by&quot;:&quot;0&quot;,&quot;order_markers_choice&quot;:&quot;0&quot;,&quot;show_user_location&quot;:&quot;0&quot;,&quot;default_to&quot;:&quot;&quot;,&quot;store_locator_enabled&quot;:true,&quot;store_locator_distance&quot;:true,&quot;store_locator_default_radius&quot;:10,&quot;store_locator_not_found_message&quot;:&quot;&quot;,&quot;store_locator_bounce&quot;:1,&quot;store_locator_query_string&quot;:&quot;&quot;,&quot;store_locator_default_address&quot;:&quot;&quot;,&quot;wpgmza_store_locator_restrict&quot;:&quot;&quot;,&quot;store_locator_style&quot;:&quot;legacy&quot;,&quot;wpgmza_store_locator_radius_style&quot;:&quot;legacy&quot;,&quot;map_max_zoom&quot;:&quot;1&quot;,&quot;transport_layer&quot;:false,&quot;wpgmza_theme_data&quot;:&quot;[\\&quot;visibility\\&quot;, \\&quot;invert_lightness\\&quot;, \\&quot;color\\&quot;, \\&quot;weight\\&quot;, \\&quot;hue\\&quot;, \\&quot;saturation\\&quot;, \\&quot;lightness\\&quot;, \\&quot;gamma\\&quot;]&quot;,&quot;wpgmza_show_points_of_interest&quot;:1,&quot;wpgmza_auto_night&quot;:0,&quot;action&quot;:&quot;wpgmza_save_map&quot;,&quot;redirect_to&quot;:&quot;\\\/wp-admin\\\/admin-post.php&quot;,&quot;map_id&quot;:&quot;1&quot;,&quot;http_referer&quot;:&quot;\\\/wp-admin\\\/admin.php?page=wp-google-maps-menu&amp;amp;action=edit&amp;amp;map_id=1&quot;,&quot;wpgmza_id&quot;:&quot;1&quot;,&quot;wpgmza_start_location&quot;:&quot;42.97909908118078,17.106456926569336&quot;,&quot;wpgmza_start_zoom&quot;:&quot;7&quot;,&quot;store_locator_search_area&quot;:&quot;radial&quot;,&quot;wpgmza_store_locator_default_radius&quot;:&quot;10&quot;,&quot;store_locator_auto_area_max_zoom&quot;:&quot;&quot;,&quot;wpgmza_store_locator_position&quot;:false,&quot;store_locator_show_distance&quot;:false,&quot;store_locator_category&quot;:false,&quot;wpgmza_store_locator_use_their_location&quot;:false,&quot;wpgmza_store_locator_bounce&quot;:false,&quot;wpgmza_sl_animation&quot;:null,&quot;wpgmza_store_locator_hide_before_search&quot;:false,&quot;store_locator_location_placeholder&quot;:&quot;&quot;,&quot;store_locator_name_search&quot;:false,&quot;store_locator_name_string&quot;:&quot;&quot;,&quot;sl_stroke_color&quot;:&quot;&quot;,&quot;sl_stroke_opacity&quot;:&quot;&quot;,&quot;sl_fill_color&quot;:&quot;&quot;,&quot;sl_fill_opacity&quot;:&quot;&quot;,&quot;wpgmza_map_align&quot;:&quot;1&quot;,&quot;jump_to_nearest_marker_on_initialization&quot;:false,&quot;automatically_pan_to_users_location&quot;:false,&quot;override_users_location_zoom_level&quot;:false,&quot;override_users_location_zoom_levels&quot;:&quot;&quot;,&quot;show_distance_from_location&quot;:false,&quot;map_min_zoom&quot;:&quot;0&quot;,&quot;click_open_link&quot;:false,&quot;fit_maps_bounds_to_markers&quot;:false,&quot;fit_maps_bounds_to_markers_after_filtering&quot;:false,&quot;hide_point_of_interest&quot;:false,&quot;wpgmza_zoom_on_marker_click&quot;:false,&quot;wpgmza_zoom_on_marker_click_slider&quot;:&quot;&quot;,&quot;close_infowindow_on_map_click&quot;:false,&quot;disable_lightbox_images&quot;:false,&quot;use_Raw_Jpeg_Coordinates&quot;:false,&quot;polygon_labels&quot;:false,&quot;disable_polygon_info_windows&quot;:false,&quot;enable_marker_ratings&quot;:false,&quot;only_load_markers_within_viewport&quot;:false,&quot;iw_primary_color&quot;:&quot;#000000&quot;,&quot;iw_accent_color&quot;:&quot;#000000&quot;,&quot;iw_text_color&quot;:&quot;#000000&quot;,&quot;wpgmza_listmarkers_by&quot;:&quot;0&quot;,&quot;wpgmza_marker_listing_position&quot;:false,&quot;wpgmza_push_in_map&quot;:false,&quot;wpgmza_push_in_map_placement&quot;:null,&quot;wpgmza_push_in_map_width&quot;:&quot;&quot;,&quot;wpgmza_push_in_map_height&quot;:&quot;&quot;,&quot;zoom_level_on_marker_listing_override&quot;:false,&quot;zoom_level_on_marker_listing_click&quot;:&quot;&quot;,&quot;marker_listing_disable_zoom&quot;:false,&quot;datatable_no_result_message&quot;:&quot;&quot;,&quot;remove_search_box_datables&quot;:false,&quot;dataTable_pagination_style&quot;:null,&quot;datatable_search_string&quot;:&quot;&quot;,&quot;datatable_result_start&quot;:&quot;&quot;,&quot;datatable_result_of&quot;:&quot;&quot;,&quot;datatable_result_to&quot;:&quot;&quot;,&quot;datatable_result_total&quot;:&quot;&quot;,&quot;datatable_result_show&quot;:&quot;&quot;,&quot;datatable_result_entries&quot;:&quot;&quot;,&quot;wpgmza_savemap&quot;:&quot;Save Map \\u00bb&quot;,&quot;id&quot;:1}\" ><\/div>\n<p>.\u00a0<\/p>\n<p><strong>Lastni\u0161tvo in upravljanje<\/strong><\/p>\n<p>Maestral u.t.o.<br \/>Viganj 1b<br \/>20267 Ku\u010di\u0161te<br \/>polotok Pelje\u0161ac<br \/>Hrva\u0161ka<\/p>\n<p>IBAN: HR7624070001100598127<br \/>OIB: 06038166690<\/p>\n<p>+385 98 1969 847<br \/><a href=\"http:\/\/www.maestral-camping.hr\">www.maestral-camping.hr<\/a><br \/><a href=\"mailto:info@maestral-camping.hr\">info@maestral-camping.hr<\/a><\/p>\n\n<div class=\"row gallery-space pV0H10\">\n\t\t\t\t<div class=\"six columns mobile-three space-bottom mobile-fullwidth\">\n\t\t\t\t<div class=\"row\">\n\t\t\t\t\t<div class=\"twelve columns pV0H5 gallery_prettyphoto\">\n\t\t\t\t\t\t<a class=\"gallery_2col image\" rel=\"prettyPhoto[gallery2col]\"  href=\"https:\/\/www.maestral-camping.hr\/wp-content\/uploads\/2021\/03\/Photo-15-08-2020-12-22-55.jpg\" title=\"Maestral Camping Viganj\">\n\t\t\t\t\t\t\t\t\t\t\t<img src=\"https:\/\/www.maestral-camping.hr\/wp-content\/uploads\/2021\/03\/Photo-15-08-2020-12-22-55-400x250.jpg\" alt=\"Maestral Camping Viganj\" title=\"Maestral Camping Viganj\"\/>\n\t\t\t\t\t\t\t\t\t\t\t<\/a>\n\t\t\t\t\t<\/div>\n\t\t\t\t<\/div>\n\t\t\t<\/div>                 \n\t\t\t\t\n\t\t\n\n<\/div>            \n\n","protected":false},"excerpt":{"rendered":"<p>Rezervacija Prosimo, preverite na\u0161a &#8220;Pogosta vpra\u0161anja &amp; Hi\u0161ni red&#8221;, preden po\u0161ljete e-po\u0161to. Za rezervacije in vsa druga vpra\u0161anja v zvezi s kampiranjem v Maestralu nam pi\u0161ite na elektronski naslov info@maestral-camping.hr [&hellip;]<\/p>\n","protected":false},"author":1,"featured_media":0,"parent":0,"menu_order":0,"comment_status":"closed","ping_status":"closed","template":"","meta":[],"_links":{"self":[{"href":"https:\/\/www.maestral-camping.hr\/sl\/wp-json\/wp\/v2\/pages\/157"}],"collection":[{"href":"https:\/\/www.maestral-camping.hr\/sl\/wp-json\/wp\/v2\/pages"}],"about":[{"href":"https:\/\/www.maestral-camping.hr\/sl\/wp-json\/wp\/v2\/types\/page"}],"author":[{"embeddable":true,"href":"https:\/\/www.maestral-camping.hr\/sl\/wp-json\/wp\/v2\/users\/1"}],"replies":[{"embeddable":true,"href":"https:\/\/www.maestral-camping.hr\/sl\/wp-json\/wp\/v2\/comments?post=157"}],"version-history":[{"count":10,"href":"https:\/\/www.maestral-camping.hr\/sl\/wp-json\/wp\/v2\/pages\/157\/revisions"}],"predecessor-version":[{"id":2049,"href":"https:\/\/www.maestral-camping.hr\/sl\/wp-json\/wp\/v2\/pages\/157\/revisions\/2049"}],"wp:attachment":[{"href":"https:\/\/www.maestral-camping.hr\/sl\/wp-json\/wp\/v2\/media?parent=157"}],"curies":[{"name":"wp","href":"https:\/\/api.w.org\/{rel}","templated":true}]}}