{"id":155,"date":"2015-11-12T09:56:32","date_gmt":"2015-11-12T09:56:32","guid":{"rendered":"http:\/\/www.maestral-camping.hr\/sl\/?page_id=155"},"modified":"2024-05-04T12:20:26","modified_gmt":"2024-05-04T12:20:26","slug":"cene","status":"publish","type":"page","link":"https:\/\/www.maestral-camping.hr\/sl\/cene\/","title":{"rendered":"Cene"},"content":{"rendered":"<p><strong>Rezervacija<\/strong><\/p>\n<p><a href=\"https:\/\/www.maestral-camping.hr\/sl\/faq\/\"><strong>Prosimo, preverite na\u0161a &#8220;Pogosta vpra\u0161anja &amp; Hi\u0161ni red&#8221;, preden po\u0161ljete e-po\u0161to.<\/strong><\/a><\/p>\n<p><span id=\"result_box\" class=\"\" lang=\"sl\">Za rezervacije in vsa druga vpra\u0161anja v zvezi s kampiranjem v Maestralu nam pi\u0161ite na elektronski naslov <a href=\"mailto:info@maestral-camping.hr\">info@maestral-camping.hr<\/a><\/span><\/p>\n<p><strong>Popusti<\/strong><\/p>\n<ul>\n<li><span id=\"result_box\" class=\"\" lang=\"sl\"><span class=\"hps\">10 do 30<\/span> <span class=\"hps\">dnevno bivanje<\/span> <span class=\"hps\">popust<\/span> <span class=\"hps\">odobritev<\/span> <span class=\"hps\">10%<\/span><\/span><\/li>\n<li><span id=\"result_box\" class=\"\" lang=\"sl\"><span class=\"hps\">31 do 60<\/span> <span class=\"hps\">dnevno bivanje<\/span> <span class=\"hps\">popust<\/span> <span class=\"hps\">odobritev<\/span> <span class=\"hps\">15%<\/span><\/span><\/li>\n<li><span id=\"result_box\" class=\"\" lang=\"sl\"><span class=\"hps\">61 do 120<\/span> <span class=\"hps\">dnevno bivanje<\/span> <span class=\"hps\">popust<\/span> <span class=\"hps\">odobritev<\/span> <span class=\"hps\">20%<\/span><\/span><\/li>\n<li>121 to 180 day stay discount approval of 25%<\/li>\n<li><span id=\"result_box\" class=\"\" lang=\"sl\"><span class=\"hps\">popusti<\/span> <span class=\"hps\">ne veljajo za<\/span> <span class=\"hps\">turisti\u010dne<\/span> <span class=\"hps\">pristojbine<\/span><\/span><\/li>\n<\/ul>\n\n<table id=\"tablepress-7\" class=\"tablepress tablepress-id-7\">\n<thead>\n<tr class=\"row-1 odd\">\n\t<th class=\"column-1\">CENIK<\/th><th class=\"column-2\">01.05. - 30.06.<br \/>\n01.09. - 31.10.<\/th><th class=\"column-3\">01.07. - 31.08.<\/th>\n<\/tr>\n<\/thead>\n<tbody class=\"row-hover\">\n<tr class=\"row-2 even\">\n\t<td class=\"column-1\">PO OSEBI<\/td><td class=\"column-2\">6.90 \u20ac<\/td><td class=\"column-3\">8.90 \u20ac<\/td>\n<\/tr>\n<tr class=\"row-3 odd\">\n\t<td class=\"column-1\">OTROK (< 12 LET)<\/td><td class=\"column-2\">4.60 \u20ac<\/td><td class=\"column-3\">5.90 \u20ac<\/td>\n<\/tr>\n<tr class=\"row-4 even\">\n\t<td class=\"column-1\">\u0160OTOR<\/td><td class=\"column-2\">6.90 \u20ac<\/td><td class=\"column-3\">8.90 \u20ac<\/td>\n<\/tr>\n<tr class=\"row-5 odd\">\n\t<td class=\"column-1\">MAJHEN \u0160OTOR<\/td><td class=\"column-2\">5.90 \u20ac<\/td><td class=\"column-3\">7.40 \u20ac<\/td>\n<\/tr>\n<tr class=\"row-6 even\">\n\t<td class=\"column-1\">PRIKOLICA<\/td><td class=\"column-2\">7.90 \u20ac<\/td><td class=\"column-3\">9.90 \u20ac<\/td>\n<\/tr>\n<tr class=\"row-7 odd\">\n\t<td class=\"column-1\">MALA PRIKOLICA<\/td><td class=\"column-2\">4.90 \u20ac<\/td><td class=\"column-3\">6.40 \u20ac<\/td>\n<\/tr>\n<tr class=\"row-8 even\">\n\t<td class=\"column-1\">AVTO<\/td><td class=\"column-2\">6.90 \u20ac<\/td><td class=\"column-3\">8.90 \u20ac<\/td>\n<\/tr>\n<tr class=\"row-9 odd\">\n\t<td class=\"column-1\">KOMBI<\/td><td class=\"column-2\">8.90 \u20ac<\/td><td class=\"column-3\">10.90 \u20ac<\/td>\n<\/tr>\n<tr class=\"row-10 even\">\n\t<td class=\"column-1\">KAMPER<\/td><td class=\"column-2\">9.90 \u20ac<\/td><td class=\"column-3\">12.40 \u20ac<\/td>\n<\/tr>\n<tr class=\"row-11 odd\">\n\t<td class=\"column-1\">MOTORJI<\/td><td class=\"column-2\">4.40 \u20ac<\/td><td class=\"column-3\">5.90 \u20ac<\/td>\n<\/tr>\n<tr class=\"row-12 even\">\n\t<td class=\"column-1\">SPALNA VRE\u010cA<\/td><td class=\"column-2\">3.20 \u20ac<\/td><td class=\"column-3\">3.90 \u20ac<\/td>\n<\/tr>\n<tr class=\"row-13 odd\">\n\t<td class=\"column-1\">SIDRANJE<\/td><td class=\"column-2\">5.40 \u20ac<\/td><td class=\"column-3\">6.90 \u20ac<\/td>\n<\/tr>\n<tr class=\"row-14 even\">\n\t<td class=\"column-1\">PARCELA (CONA 1)<\/td><td class=\"column-2\">6.90 \u20ac<\/td><td class=\"column-3\">7.90 \u20ac<\/td>\n<\/tr>\n<tr class=\"row-15 odd\">\n\t<td class=\"column-1\">PARCELA (CONA 2)<\/td><td class=\"column-2\">5.90 \u20ac<\/td><td class=\"column-3\">6.90 \u20ac<\/td>\n<\/tr>\n<tr class=\"row-16 even\">\n\t<td class=\"column-1\">PARCELA (CONA 3)<\/td><td class=\"column-2\">4.90 \u20ac<\/td><td class=\"column-3\">5.90 \u20ac<\/td>\n<\/tr>\n<tr class=\"row-17 odd\">\n\t<td class=\"column-1\">PES<\/td><td class=\"column-2\">BREZPLA\u010cNO<\/td><td class=\"column-3\">BREZPLA\u010cNO<\/td>\n<\/tr>\n<tr class=\"row-18 even\">\n\t<td class=\"column-1\">BREZ\u017dI\u010cNI INTERNET<\/td><td class=\"column-2\">BREZPLA\u010cNO<\/td><td class=\"column-3\">BREZPLA\u010cNO<\/td>\n<\/tr>\n<tr class=\"row-19 odd\">\n\t<td class=\"column-1\">ELEKTRIKA<\/td><td class=\"column-2\">BREZPLA\u010cNO<\/td><td class=\"column-3\">BREZPLA\u010cNO<\/td>\n<\/tr>\n<\/tbody>\n<\/table>\n<!-- #tablepress-7 from cache -->\n\n<table id=\"tablepress-8\" class=\"tablepress tablepress-id-8\">\n<thead>\n<tr class=\"row-1 odd\">\n\t<th class=\"column-1\">PRISTOJBINE<\/th><th class=\"column-2\">01.01. - 31.03.<br \/>\n01.10. - 31.12.<\/th><th class=\"column-3\">01.04. - 30.09.<\/th>\n<\/tr>\n<\/thead>\n<tbody class=\"row-hover\">\n<tr class=\"row-2 even\">\n\t<td class=\"column-1\">PRISTOJBINE (> 18 LET)<\/td><td class=\"column-2\">1.10 \u20ac<\/td><td class=\"column-3\">1.70 \u20ac<\/td>\n<\/tr>\n<tr class=\"row-3 odd\">\n\t<td class=\"column-1\">PRISTOJBINE (12-18 LET)<\/td><td class=\"column-2\">0.55 \u20ac<\/td><td class=\"column-3\">0.85 \u20ac<\/td>\n<\/tr>\n<tr class=\"row-4 even\">\n\t<td class=\"column-1\">PRISTOJBINE (< 12 LET)<\/td><td class=\"column-2\">0.00 \u20ac<\/td><td class=\"column-3\">0.00 \u20ac<\/td>\n<\/tr>\n<\/tbody>\n<\/table>\n<!-- #tablepress-8 from cache -->\n<p><strong>Dodatno<\/strong><\/p>\n<ul>\n<li>\u010ce prikolico prestavimo v kampu (enkrat) &#8211; 50 \u20ac<\/li>\n<\/ul>\n<p><strong>Lastni\u0161tvo in upravljanje<\/strong><\/p>\n<p>Maestral u.t.o.<br \/>\nViganj 1b<br \/>\n20267 Ku\u010di\u0161te<br \/>\npolotok Pelje\u0161ac<br \/>\nHrva\u0161ka<\/p>\n<p>IBAN: HR7624070001100598127<br \/>\nOIB: 06038166690<\/p>\n<p>+385 98 1969 847<br \/>\n<a href=\"http:\/\/www.maestral-camping.hr\">www.maestral-camping.hr<\/a><br \/>\n<a href=\"mailto:info@maestral-camping.hr\">info@maestral-camping.hr<\/a><\/p>\n","protected":false},"excerpt":{"rendered":"<p>Rezervacija Prosimo, preverite na\u0161a &#8220;Pogosta vpra\u0161anja &amp; Hi\u0161ni red&#8221;, preden po\u0161ljete e-po\u0161to. Za rezervacije in vsa druga vpra\u0161anja v zvezi s kampiranjem v Maestralu nam pi\u0161ite na elektronski naslov info@maestral-camping.hr [&hellip;]<\/p>\n","protected":false},"author":1,"featured_media":0,"parent":0,"menu_order":0,"comment_status":"closed","ping_status":"closed","template":"","meta":[],"_links":{"self":[{"href":"https:\/\/www.maestral-camping.hr\/sl\/wp-json\/wp\/v2\/pages\/155"}],"collection":[{"href":"https:\/\/www.maestral-camping.hr\/sl\/wp-json\/wp\/v2\/pages"}],"about":[{"href":"https:\/\/www.maestral-camping.hr\/sl\/wp-json\/wp\/v2\/types\/page"}],"author":[{"embeddable":true,"href":"https:\/\/www.maestral-camping.hr\/sl\/wp-json\/wp\/v2\/users\/1"}],"replies":[{"embeddable":true,"href":"https:\/\/www.maestral-camping.hr\/sl\/wp-json\/wp\/v2\/comments?post=155"}],"version-history":[{"count":22,"href":"https:\/\/www.maestral-camping.hr\/sl\/wp-json\/wp\/v2\/pages\/155\/revisions"}],"predecessor-version":[{"id":2088,"href":"https:\/\/www.maestral-camping.hr\/sl\/wp-json\/wp\/v2\/pages\/155\/revisions\/2088"}],"wp:attachment":[{"href":"https:\/\/www.maestral-camping.hr\/sl\/wp-json\/wp\/v2\/media?parent=155"}],"curies":[{"name":"wp","href":"https:\/\/api.w.org\/{rel}","templated":true}]}}