{"id":1744,"date":"2022-12-21T15:26:35","date_gmt":"2022-12-21T15:26:35","guid":{"rendered":"https:\/\/www.maestral-camping.hr\/?page_id=1744"},"modified":"2024-04-17T00:08:16","modified_gmt":"2024-04-17T00:08:16","slug":"faq","status":"publish","type":"page","link":"https:\/\/www.maestral-camping.hr\/hr\/faq\/","title":{"rendered":"Pitanja &#038; Ku\u0107ni red"},"content":{"rendered":"\n<p>. <\/p>\n\n\n\n<h2><strong>\u010cESTO POSTAVLJANA PITANJA<\/strong><\/h2>\n\n\n\n<p>.<\/p>\n\n\n\n<h4>Je li mogu\u0107e u kampu iznajmiti mobilnu ku\u0107icu ili \u0161ator?<\/h4>\n\n\n\n<ul>\n<li>Trenutno nemamo takvu uslugu.<\/li>\n<\/ul>\n\n\n\n<h4>Je li mogu\u0107e u kampu iznajmiti sobu ili apartman?<\/h4>\n\n\n\n<ul>\n<li>Trenutno nemamo takvu uslugu.<\/li>\n<\/ul>\n\n\n\n<h4>Jesu li ku\u0107ni ljubimci dopu\u0161teni?<\/h4>\n\n\n\n<ul>\n<li>Jesu i ne napla\u0107uju se.<\/li>\n\n\n\n<li>Pogledajte pravila kampa u vezi ku\u0107nih ljubimaca.<\/li>\n<\/ul>\n\n\n\n<h4>Imate ili smje\u0161taj za windsurf opremu pod klju\u010dem i koliko se napla\u0107uje?<\/h4>\n\n\n\n<ul>\n<li>Imamo i besplatan je za na\u0161e goste.<\/li>\n\n\n\n<li>Nalazi se na samoj pla\u017ei.<\/li>\n\n\n\n<li>Za vrijeme vrhunca sezone molimo Vas maknuti \u201eboom\u201c sa \u201eriga\u201c da mo\u017ee stati vi\u0161e opreme.<\/li>\n<\/ul>\n\n\n\n<h4>Kako se ra\u010duna cijena smje\u0161taja?<\/h4>\n\n\n\n<ul>\n<li>Svi gosti pla\u0107aju parcelu ovisno o zoni smje\u0161taja (ukupno 3 zone).<\/li>\n\n\n\n<li>U cijenu parcele je uklju\u010dena struja, voda, ure\u0111aji (fri\u017eideri i ma\u0161ina za pranje rublja) te internet.<\/li>\n\n\n\n<li>Dodatno se pla\u0107a po osobi te oprema (auto, \u0161ator, kamper, itd.).<\/li>\n\n\n\n<li>Popust na du\u017einu boravka se odobrava na sve stavke u cjeniku osim za turisti\u010dku pristojbu (taksu).<\/li>\n\n\n\n<li>Turisti\u010dka pristojba (taksa) se pla\u0107a za sve osobe iznad 12 godina starosti i to je cijena koja se u va\u0161e ime pla\u0107a turisti\u010dkoj zajednici pa zbog toga nije primjenjiv popust.<\/li>\n\n\n\n<li>Cijenu je mogu\u0107e provjeriti na interaktivnoj mapi kampa (odabrati ikonu kalendara koja se nalazi gore desno ili dolje lijevo ovisno o orijentaciji).<\/li>\n\n\n\n<li>Sve cijene su informativne ali u 99,9% slu\u010dajeva takve i budu. No gre\u0161ka se mo\u017ee dogoditi.<\/li>\n<\/ul>\n\n\n\n<h4>Imate li mapu kampa?<\/h4>\n\n\n\n<ul>\n<li>Na adresi <a href=\"https:\/\/map.maestral-camping.hr\" target=\"_blank\" rel=\"noreferrer noopener\">https:\/\/map.maestral-camping.hr<\/a> nalazi se interaktivna mapa kampa.<\/li>\n\n\n\n<li>Trenutno je mapa kampa u testnoj verziji i molimo Vas da pri\u010dekate malo du\u017ee da se u\u010dita.<\/li>\n\n\n\n<li>Preporu\u010damo pristupiti mapi kampa preko osobnog ra\u010dunala. Posebna verzija za mobitele i slabija ra\u010dunala je trenutno u izradi.<\/li>\n<\/ul>\n\n\n\n<h4>Jesu li sve \u201ezelene\u201c parcele na interaktivnoj mapi stvarno slobodne<\/h4>\n\n\n\n<ul>\n<li>Nisu.<\/li>\n\n\n\n<li>Budu\u0107i da je interaktivna mapa kampa u testnoj fazi sve parcele koje su zelene nisu slobodne.<\/li>\n<\/ul>\n\n\n\n<h4>Jesu li sve \u201ecrvene\u201c parcele na interaktivnoj mapi stvarno zauzete?<\/h4>\n\n\n\n<ul>\n<li>U trenutku pregledavanja stvarno jesu.<\/li>\n\n\n\n<li>No na\u0161i gosti \u010desto mijenjaju datume boravka te se onda mijenja i dostupnost tih istih parcela.<\/li>\n<\/ul>\n\n\n\n<h4>Jesu li sve parcele jednake i mogu li izabrati bilo koju parcelu?<\/h4>\n\n\n\n<ul>\n<li>Sve parcele su razli\u010dite i ovisno o opremi nije mogu\u0107e pristupiti svakoj parceli na isti na\u010din.<\/li>\n\n\n\n<li>Neke parcele su pristupa\u010dnije za kampere dok su druge pristupa\u010dnije za goste u \u0161atorima.<\/li>\n\n\n\n<li>Zbog toga \u017eelimo da se javite na email ili telefon da Vam ponudimo najbolju parcelu u tom trenutku.<\/li>\n<\/ul>\n\n\n\n<h4>Imate li slike svake parcele i gdje se mogu vidjeti?<\/h4>\n\n\n\n<ul>\n<li>Trenutno su slike svih parcela u izradi i mo\u0107i \u0107e se vidjeti na interaktivnoj mapi kampa (odabrati ikonu foto koja se nalazi gore lijevo).<\/li>\n<\/ul>\n\n\n\n<h4>Napla\u0107uje li se sidrenje ispred kampa?<\/h4>\n\n\n\n<ul>\n<li>Sidrenje ispred kampa se napla\u0107uje dok se prikolica va\u0161eg plovila ne napla\u0107uje i mogu\u0107e je ostaviti u kampu.<\/li>\n\n\n\n<li>Ina\u010de se teretne prikolice napla\u0107uju po cjeniku no pla\u0107anje sidrenja osloba\u0111a Vas te obveze.<\/li>\n\n\n\n<li>Mjesto sidrenja i mjesto parkiranja teretne prikolice molimo dogovoriti na recepciji kampa.<\/li>\n<\/ul>\n\n\n\n<p>. <\/p>\n\n\n\n<h2><strong>KU\u0106NI RED<\/strong><\/h2>\n\n\n\n<p>Po\u0161tovani gosti,<\/p>\n\n\n\n<p>iznimna nam je \u010dast izraziti vam dobrodo\u0161licu te za\u017eeljeti ugodan boravak u na\u0161em kampu. Kako bi va\u0161 boravak bio \u0161to ugodniji, pozivamo vas na strogo pridr\u017eavanje pravila ku\u0107nog reda:<\/p>\n\n\n\n<h3><strong>\u010cIN ULASKA U KAMP SMATRAT \u0106E SE VA\u0160OM OBVEZOM PO\u0160TOVANJA KU\u0106NOG REDA.<\/strong><\/h3>\n\n\n\n<p>Kr\u0161enje ku\u0107nog reda mo\u017ee rezultirati otkazivanjem usluge smje\u0161taja te udaljavanjem iz kampa.<\/p>\n\n\n\n<ul>\n<li>Svaki gost mora se pri dolasku prijaviti na recepciji. Neprijavljeni boravak u kampu je zabranjen.<\/li>\n\n\n\n<li>Ulazak u kamp dopu\u0161ten je od 7:00 do 23:00 sata.<\/li>\n\n\n\n<li>Prijava gostiju provodi se od 8:00 do 20:00 sati. Odjava je do 12:00h. Kasna odjava je mogu\u0107a ako drugi gosti ne dolaze na va\u0161u parcelu. Molimo kontaktirajte recepciju prije kasne odjave.<\/li>\n\n\n\n<li>Odjava i radno vrijeme blagajne od 8:00 do 20:00 sati. Savjetujemo podmirivanje ra\u010duna dan prije samog odlaska.<\/li>\n\n\n\n<li>Prilikom odlaska potrebno je vratiti na recepciju sve primljene propusnice i klju\u010deve, te ukloniti namirnice iz hladnjaka.<\/li>\n<\/ul>\n\n\n\n<h2><strong>ZA VRIJEME BORAVKA OBAVEZNO JE:<\/strong><\/h2>\n\n\n\n<ul>\n<li><strong>UPOTREBLJAVATI SAMO PLINSKE I ELEKTRI\u010cNE RO\u0160TILJE!<\/strong><\/li>\n\n\n\n<li>odmah prijaviti svaku prijenosnu bolest direkciji kampa,<\/li>\n\n\n\n<li>pranje posu\u0111a i robe isklju\u010divo na za to predvi\u0111enim mjestima,<\/li>\n\n\n\n<li>parkiranje automobila isklju\u010divo na za to predvi\u0111enim mjestima te na vlastitim parcelama,<\/li>\n\n\n\n<li>prijaviti plovilo na recepciji kampa,<\/li>\n\n\n\n<li>prikolice za plovila parkirati na predvi\u0111enom parkirali\u0161tu koje je posebno ozna\u010deno na planu kampa; sve prikolice koje su ostavljene izvan mjesta ozna\u010denog za parkiranje prikolica bit \u0107e premje\u0161tene,<\/li>\n\n\n\n<li>uklju\u010divanje u elektri\u010dnu mre\u017eu na samo predvi\u0111enim mjestima,<\/li>\n\n\n\n<li>po\u0161tovati \u201etihe sate\u201c od 23:00 do 7:00 sati; od 23:00 do 7:00 sati nije mogu\u0107 ulazak u kamp motornim vozilima te je samim time zabranjena vo\u017enja motornim vozilima unutar kampa i stvaranje nepotrebne buke,<\/li>\n\n\n\n<li>sortirati otpad i odlagati ga na za to predvi\u0111ena mjesta,<\/li>\n\n\n\n<li>paziti na svoje stvari: Uprava kampa ne preuzima nikakvu odgovornost za nestale ili o\u0161te\u0107ene stvari u vlasni\u0161tvu gostiju te za nesre\u0107e ili ozljede koje nastanu osobnom nepa\u017enjom gostiju unutar kampa.<\/li>\n<\/ul>\n\n\n\n<h2><strong>ZABRANJENO JE:<\/strong><\/h2>\n\n\n\n<ul>\n<li><strong>PALJENJE VATRE UNUTAR CIJELOG KAMPA!<\/strong><\/li>\n\n\n\n<li>ulazak djece u sanitarne \u010dvorove bez pratnje odraslih,<\/li>\n\n\n\n<li>upotreba gla\u010dala, pe\u0107nica i ostalih aparata bez konstantne kontrole,<\/li>\n\n\n\n<li>dizanje bilo kakvih ograda oko kampera\/karavana ili \u0161atora te uni\u0161tavanje prostora,<\/li>\n\n\n\n<li>glisiranje motornog plovila na udaljenosti manjoj od 300m od obale,<\/li>\n\n\n\n<li>kretanje vozilima unutar kampa brzinom ve\u0107om od 15 km\/h; vozite elektri\u010dne romobile s posebnim oprezom i pazite na pje\u0161ake i druga vozila,<\/li>\n\n\n\n<li>uni\u0161tavanje pokretne i nepokretne imovine kampa Maestral; uprava kampa zadr\u017eava pravo naplate o\u0161te\u0107ene imovine i trajne zabrane ulaska u kamp,<\/li>\n\n\n\n<li>uni\u0161tavanje hortikulture (na\u0161e bilje strpljivo raste da vam uljep\u0161a do\u017eivljaj kampiranja, ne trgajte grane i cvije\u0107e),<\/li>\n\n\n\n<li>zaustavljanje vozila izvan ozna\u010denih linija.<\/li>\n<\/ul>\n\n\n\n<h2><strong>KU\u0106NI LJUBIMCI:<\/strong><\/h2>\n\n\n\n<ul>\n<li>Unutar kampa za vrijeme \u0161etnje te u ugostiteljskim objektima ljubimci obvezno moraju biti na uzici.<\/li>\n\n\n\n<li>Boravak ku\u0107nih ljubimaca dopu\u0161ten je i ne napla\u0107uje se.<\/li>\n\n\n\n<li>Molimo obratite pozornost na \u010dinjenicu da nemaju svi gosti ku\u0107ne ljubimce.<\/li>\n\n\n\n<li>U slu\u010daju nastanka bilo kakvog o\u0161te\u0107enja od ku\u0107nog ljubimca vlasnik \u0107e biti nov\u010dano tere\u0107en za nastalu \u0161tetu.<\/li>\n\n\n\n<li>Nakon obavljene nu\u017ede molimo pokupite izmet svojeg ljubimca.<\/li>\n<\/ul>\n\n\n\n<h2><strong>PLOVILA I SIDRENJE:<\/strong><\/h2>\n\n\n\n<ul>\n<li>Potrebno je najaviti plovilo (brod, gliser, gumenjak, jet-ski itd.) prilikom rezervacije smje\u0161taja.<\/li>\n\n\n\n<li>Prilikom prijave na recepciji kampa obvezno je plovilo prijaviti. Cjenik je mogu\u0107e provjeriti na internet stranici Kampa Maestral.<\/li>\n\n\n\n<li>Sidrenje je mogu\u0107e samo na predvi\u0111enim mjestima ispred kampa. Na recepciji \u0107ete dobiti informacije na kojem mjestu mo\u017ee biti Va\u0161e plovilo. U slu\u010daju da se na Va\u0161e predvi\u0111eno mjesto sidri neko drugo plovilo molimo prijaviti recepciji kampa.<\/li>\n<\/ul>\n\n\n\n<h2><strong>PARKING:<\/strong><\/h2>\n\n\n\n<ul>\n<li>Vozilo treba parkirati na Va\u0161oj parceli ili na predvi\u0111enim mjestima unutar kampa.<\/li>\n\n\n\n<li>Parkiranje na drugoj parceli je iznimno mogu\u0107e uz dopu\u0161tenje djelatnika kampa.<\/li>\n\n\n\n<li>Parking ispred kampa je dozvoljen samo u kratkom vremenskom periodu ili da ne smetate ostalim gostima ukoliko dolazite izvan tihih sati kampa.<\/li>\n\n\n\n<li>Parkiranje ispred kampa biti \u0107e napla\u0107eno po cjeniku.<\/li>\n<\/ul>\n\n\n\n<h2><strong>PONA\u0160ANJE NA PLA\u017dI:<\/strong><\/h2>\n\n\n\n<p>Na\u0161e pla\u017ee opremljene su besplatnim suncobranima, le\u017ealjkama i tu\u0161evima. Kako bi va\u0161 odmor bio ba\u0161 onakav kakav ste zamislili, molimo po\u0161tujte druge goste i pravila pona\u0161anja na pla\u017ei:<\/p>\n\n\n\n<ul>\n<li>Le\u017ealjke i suncobrani ne mogu se rezervirati.<\/li>\n\n\n\n<li>Le\u017ealjke i suncobrani ne smiju se odnositi s pla\u017ee ni unositi u more.<\/li>\n\n\n\n<li>Mislite na druge, ne zauzimajte vi\u0161e le\u017ealjki nego \u0161to vam je potrebno.<\/li>\n\n\n\n<li>Le\u017ealjke i suncobrane mo\u017eete upotrebljavati samo dok boravite na pla\u017ei.<\/li>\n\n\n\n<li>Nakon odlaska s pla\u017ee obvezni ste sa sobom ponijeti sve svoje stvari koje ste dr\u017eali na le\u017ealjkama, u protivnom \u0107e biti uklonjene od strane kampa i\/ili gosta kampa u nedostatku druge slobodne le\u017ealjke.<\/li>\n<\/ul>\n\n\n\n<p><strong>Pridr\u017eavanje ovih pravila sprje\u010dava sukobe i tenzije me\u0111u gostima. Kr\u0161enje javnog reda i mira ka\u017enjivo je zakonom.<\/strong><\/p>\n\n\n\n<p>Zahvaljujemo na razumijevanju!<\/p>\n\n\n\n<h3><strong>Maestral Camping \u017eeli vam ugodan boravak!<\/strong><\/h3>\n","protected":false},"excerpt":{"rendered":"<p>. \u010cESTO POSTAVLJANA PITANJA . Je li mogu\u0107e u kampu iznajmiti mobilnu ku\u0107icu ili \u0161ator? Je li mogu\u0107e u kampu iznajmiti sobu ili apartman? Jesu li ku\u0107ni ljubimci dopu\u0161teni? Imate [&hellip;]<\/p>\n","protected":false},"author":1,"featured_media":0,"parent":0,"menu_order":0,"comment_status":"closed","ping_status":"closed","template":"","meta":[],"_links":{"self":[{"href":"https:\/\/www.maestral-camping.hr\/hr\/wp-json\/wp\/v2\/pages\/1744"}],"collection":[{"href":"https:\/\/www.maestral-camping.hr\/hr\/wp-json\/wp\/v2\/pages"}],"about":[{"href":"https:\/\/www.maestral-camping.hr\/hr\/wp-json\/wp\/v2\/types\/page"}],"author":[{"embeddable":true,"href":"https:\/\/www.maestral-camping.hr\/hr\/wp-json\/wp\/v2\/users\/1"}],"replies":[{"embeddable":true,"href":"https:\/\/www.maestral-camping.hr\/hr\/wp-json\/wp\/v2\/comments?post=1744"}],"version-history":[{"count":11,"href":"https:\/\/www.maestral-camping.hr\/hr\/wp-json\/wp\/v2\/pages\/1744\/revisions"}],"predecessor-version":[{"id":2070,"href":"https:\/\/www.maestral-camping.hr\/hr\/wp-json\/wp\/v2\/pages\/1744\/revisions\/2070"}],"wp:attachment":[{"href":"https:\/\/www.maestral-camping.hr\/hr\/wp-json\/wp\/v2\/media?parent=1744"}],"curies":[{"name":"wp","href":"https:\/\/api.w.org\/{rel}","templated":true}]}}