{"id":140,"date":"2015-11-12T09:48:11","date_gmt":"2015-11-12T09:48:11","guid":{"rendered":"http:\/\/www.maestral-camping.hr\/hr\/?page_id=140"},"modified":"2024-04-03T01:47:21","modified_gmt":"2024-04-03T01:47:21","slug":"viganj","status":"publish","type":"page","link":"https:\/\/www.maestral-camping.hr\/hr\/viganj\/","title":{"rendered":"Viganj"},"content":{"rendered":"<p>Na ju\u017enoj obali poluotoka Pelje\u0161ca nalazi se Viganj, mjesto bogate pomorske i turisti\u010dko-ugostiteljske tradicije. Jo\u0161 1936. godine u Vignju je osnovano turisti\u010dko dru\u0161tvo, prvo na ovom dijelu Jadrana. Smje\u0161teno u prostranoj uvali zapadno od rta Sveti Liberan, na rubu plodne fli\u0161ne zone. Gospodarska je osnova turizam, ribarstvo i poljodjelstvo. Sjeveroisto\u010dno od Vignja je planinarsko izleti\u0161te Sveti Ilija (961 m).<\/p>\n<p class=\"glavniTekst\">Danas je prekrasan vo\u0107njak i botani\u010dki vrt, zaklonjen od sjevernih vjetrova i okrenut prema uvijek toplom jugu. Tu uspijevaju \u010dudesne vo\u0107ke i biljke \u0161to su ih sa svojih plovidbi po svjetskim morima donijeli \u010duveni pelje\u0161ki pomorci. U Vignju ima mnogo ku\u0107a i vila za iznajmljivanje, a turisti osobito cijene doma\u0107e proizvode, \u0161to im nude mje\u0161tani. Kupa\u010de \u0107e odu\u0161eviti velika \u0161ljun\u010dana pla\u017ea i borovi \u0161umarci. Iznad Vignja nalaze se slikoviti zaseoci Basina, Kova\u010devi\u0107i, Kraljevi\u0107a Selo, \u0160apetino Selo, Podac i Dol. Na vrhu Sveti Ivan, gdje se nedaleko od puta nalazi i stara crkvica, a ispod nje ostaci topni\u010dkog polo\u017eaja austrijske mornarice, zavr\u0161ava Pelje\u0161ki kanal. Povoljni su uvjeti za jedrenje, surfing, te za planinarenje.<\/p>\n<p class=\"glavniTekst\">Viganj (330 stanovnika) se nalazi 7 km zapadno od Orebi\u0107a, najve\u0107eg mjesta na poluotoku. Udaljen je samo 15. minuta brodom od grada Kor\u010dule na istoimenom otoku. Udaljenost od Dubrovnika, zasigurno najljep\u0161eg grada u Hrvatskoj je 128 km s kojim je Viganj povezan autobusom. Na regionalnoj je prometnici koja prolazi uzdu\u017e poluotoka.<\/p>\n<p class=\"glavniTekst\">Naseljen u prapovijesno i anti\u010dko doba. \u017dupna crkva sv. Mihovila podignuta je u doba gotike, a 1760. je dogra\u0111ena. Samostan i crkvu dominikanaca sagradio je 1671. brodovlasnik Marko Krstelj. Crkva je jednobrodna gra\u0111evina, na glavnom oltaru je kip Bla\u017eene Djevice Marije. U crkvi se \u010duva drveni goti\u010dki kip Gospe s djetetom i renesansno poprsje sveca. Uz crkvu je klaustar s jednostavnim arkadama.<\/p>\n<p class=\"glavniTekst\">Nedaleko od Vignja (10ak minuta autom) nalazi se i &#8220;Spila Nakovana&#8221; otkrivena tek 1999. godine. Arheolo\u0161ki nalazi oko i u spilji potje\u010du iz vremena ranog neolitika (oko 6000 godina prije Krista) do kraja kasnog \u017eeljeznog doba (1. stolje\u0107e prije Krista). Isti su postali svjetska senzacija u stru\u010dnim krugovima, ali i u doma\u0107oj javnosti. Radi se prete\u017eno o kerami\u010dkom posu\u0111u, me\u0111u kojim prevladava fino posu\u0111e za pi\u0107e koje je najve\u0107im dijelom uvezeno iz Gr\u010dke, te iz gr\u010dkih kolonija u ju\u017enoj Italiji i na srednjedalmatinskim otocima. Nalazi u spilji su koncentrirani oko osamljenog stalagmita (nedvojbeno podsje\u0107a na falus) koji dominira prostorom glavne spiljske dvorane.<\/p>\n\n<div class=\"row gallery-space pV0H10\">\n\t\t\t\t<div class=\"six columns mobile-three space-bottom mobile-fullwidth\">\n\t\t\t\t<div class=\"row\">\n\t\t\t\t\t<div class=\"twelve columns pV0H5 gallery_colorbox\">\n\t\t\t\t\t\t<a class=\"gallery_2col image\" rel=\"gallery-1726\"  href=\"https:\/\/www.maestral-camping.hr\/wp-content\/uploads\/2022\/09\/DJI_0734dz.jpg\" title=\"DJI_0734dz\">\n\t\t\t\t\t\t\t\t\t\t\t<img src=\"https:\/\/www.maestral-camping.hr\/wp-content\/uploads\/2022\/09\/DJI_0734dz-400x250.jpg\" alt=\"DJI_0734dz\" title=\"DJI_0734dz\"\/>\n\t\t\t\t\t\t\t\t\t\t\t<\/a>\n\t\t\t\t\t<\/div>\n\t\t\t\t<\/div>\n\t\t\t<\/div>                 \n\t\t\t\t\n\t\t\t\t<div class=\"six columns mobile-three space-bottom mobile-fullwidth\">\n\t\t\t\t<div class=\"row\">\n\t\t\t\t\t<div class=\"twelve columns pV0H5 gallery_colorbox\">\n\t\t\t\t\t\t<a class=\"gallery_2col image\" rel=\"gallery-1726\"  href=\"https:\/\/www.maestral-camping.hr\/wp-content\/uploads\/2022\/09\/DJI_0741dz-scaled.jpg\" title=\"default\">\n\t\t\t\t\t\t\t\t\t\t\t<img src=\"https:\/\/www.maestral-camping.hr\/wp-content\/uploads\/2022\/09\/DJI_0741dz-scaled-400x250.jpg\" alt=\"default\" title=\"default\"\/>\n\t\t\t\t\t\t\t\t\t\t\t<\/a>\n\t\t\t\t\t<\/div>\n\t\t\t\t<\/div>\n\t\t\t<\/div>                 \n\t\t\t\t\n\t\t\t\t<div class=\"six columns mobile-three space-bottom mobile-fullwidth\">\n\t\t\t\t<div class=\"row\">\n\t\t\t\t\t<div class=\"twelve columns pV0H5 gallery_colorbox\">\n\t\t\t\t\t\t<a class=\"gallery_2col image\" rel=\"gallery-1726\"  href=\"https:\/\/www.maestral-camping.hr\/wp-content\/uploads\/2022\/09\/DJI_0747dz.jpg\" title=\"DJI_0747dz\">\n\t\t\t\t\t\t\t\t\t\t\t<img src=\"https:\/\/www.maestral-camping.hr\/wp-content\/uploads\/2022\/09\/DJI_0747dz-400x250.jpg\" alt=\"DJI_0747dz\" title=\"DJI_0747dz\"\/>\n\t\t\t\t\t\t\t\t\t\t\t<\/a>\n\t\t\t\t\t<\/div>\n\t\t\t\t<\/div>\n\t\t\t<\/div>                 \n\t\t\t\t\n\t\t\t\t<div class=\"six columns mobile-three space-bottom mobile-fullwidth\">\n\t\t\t\t<div class=\"row\">\n\t\t\t\t\t<div class=\"twelve columns pV0H5 gallery_colorbox\">\n\t\t\t\t\t\t<a class=\"gallery_2col image\" rel=\"gallery-1726\"  href=\"https:\/\/www.maestral-camping.hr\/wp-content\/uploads\/2022\/09\/DJI_0758dz.jpg\" title=\"DJI_0758dz\">\n\t\t\t\t\t\t\t\t\t\t\t<img src=\"https:\/\/www.maestral-camping.hr\/wp-content\/uploads\/2022\/09\/DJI_0758dz-400x250.jpg\" alt=\"DJI_0758dz\" title=\"DJI_0758dz\"\/>\n\t\t\t\t\t\t\t\t\t\t\t<\/a>\n\t\t\t\t\t<\/div>\n\t\t\t\t<\/div>\n\t\t\t<\/div>                 \n\t\t\t\t\n\t\t\t\t<div class=\"six columns mobile-three space-bottom mobile-fullwidth\">\n\t\t\t\t<div class=\"row\">\n\t\t\t\t\t<div class=\"twelve columns pV0H5 gallery_colorbox\">\n\t\t\t\t\t\t<a class=\"gallery_2col image\" rel=\"gallery-1726\"  href=\"https:\/\/www.maestral-camping.hr\/wp-content\/uploads\/2022\/09\/DJI_0760dz-scaled.jpg\" title=\"default\">\n\t\t\t\t\t\t\t\t\t\t\t<img src=\"https:\/\/www.maestral-camping.hr\/wp-content\/uploads\/2022\/09\/DJI_0760dz-scaled-400x250.jpg\" alt=\"default\" title=\"default\"\/>\n\t\t\t\t\t\t\t\t\t\t\t<\/a>\n\t\t\t\t\t<\/div>\n\t\t\t\t<\/div>\n\t\t\t<\/div>                 \n\t\t\t\t\n\t\t\t\t<div class=\"six columns mobile-three space-bottom mobile-fullwidth\">\n\t\t\t\t<div class=\"row\">\n\t\t\t\t\t<div class=\"twelve columns pV0H5 gallery_colorbox\">\n\t\t\t\t\t\t<a class=\"gallery_2col image\" rel=\"gallery-1726\"  href=\"https:\/\/www.maestral-camping.hr\/wp-content\/uploads\/2022\/09\/DJI_0765dz-scaled.jpg\" title=\"default\">\n\t\t\t\t\t\t\t\t\t\t\t<img src=\"https:\/\/www.maestral-camping.hr\/wp-content\/uploads\/2022\/09\/DJI_0765dz-scaled-400x250.jpg\" alt=\"default\" title=\"default\"\/>\n\t\t\t\t\t\t\t\t\t\t\t<\/a>\n\t\t\t\t\t<\/div>\n\t\t\t\t<\/div>\n\t\t\t<\/div>                 \n\t\t\t\t\n\t\t\n\n<\/div>            \n\n\n\n<div class=\"row gallery-space pV0H10\">\n\t\t\t\t<div class=\"six columns mobile-three space-bottom mobile-fullwidth\">\n\t\t\t\t<div class=\"row\">\n\t\t\t\t\t<div class=\"twelve columns pV0H5 gallery_colorbox\">\n\t\t\t\t\t\t<a class=\"gallery_2col image\" rel=\"gallery-408\"  href=\"https:\/\/www.maestral-camping.hr\/wp-content\/uploads\/2015\/11\/slider11.jpg\" title=\"\">\n\t\t\t\t\t\t\t\t\t\t\t<img src=\"https:\/\/www.maestral-camping.hr\/wp-content\/uploads\/2015\/11\/slider11-400x250.jpg\" alt=\"\" title=\"\"\/>\n\t\t\t\t\t\t\t\t\t\t\t<\/a>\n\t\t\t\t\t<\/div>\n\t\t\t\t<\/div>\n\t\t\t<\/div>                 \n\t\t\t\t\n\t\t\t\t<div class=\"six columns mobile-three space-bottom mobile-fullwidth\">\n\t\t\t\t<div class=\"row\">\n\t\t\t\t\t<div class=\"twelve columns pV0H5 gallery_colorbox\">\n\t\t\t\t\t\t<a class=\"gallery_2col image\" rel=\"gallery-408\"  href=\"https:\/\/www.maestral-camping.hr\/wp-content\/uploads\/2015\/11\/b02.jpg\" title=\"\u010ciringito Viganj\">\n\t\t\t\t\t\t\t\t\t\t\t<img src=\"https:\/\/www.maestral-camping.hr\/wp-content\/uploads\/2015\/11\/b02-400x250.jpg\" alt=\"\u010ciringito Viganj\" title=\"\u010ciringito Viganj\"\/>\n\t\t\t\t\t\t\t\t\t\t\t<\/a>\n\t\t\t\t\t<\/div>\n\t\t\t\t<\/div>\n\t\t\t<\/div>                 \n\t\t\t\t\n\t\t\t\t<div class=\"six columns mobile-three space-bottom mobile-fullwidth\">\n\t\t\t\t<div class=\"row\">\n\t\t\t\t\t<div class=\"twelve columns pV0H5 gallery_colorbox\">\n\t\t\t\t\t\t<a class=\"gallery_2col image\" rel=\"gallery-408\"  href=\"https:\/\/www.maestral-camping.hr\/wp-content\/uploads\/2015\/11\/b04.jpg\" title=\"\u010ciringito Viganj\">\n\t\t\t\t\t\t\t\t\t\t\t<img src=\"https:\/\/www.maestral-camping.hr\/wp-content\/uploads\/2015\/11\/b04-400x250.jpg\" alt=\"\u010ciringito Viganj\" title=\"\u010ciringito Viganj\"\/>\n\t\t\t\t\t\t\t\t\t\t\t<\/a>\n\t\t\t\t\t<\/div>\n\t\t\t\t<\/div>\n\t\t\t<\/div>                 \n\t\t\t\t\n\t\t\t\t<div class=\"six columns mobile-three space-bottom mobile-fullwidth\">\n\t\t\t\t<div class=\"row\">\n\t\t\t\t\t<div class=\"twelve columns pV0H5 gallery_colorbox\">\n\t\t\t\t\t\t<a class=\"gallery_2col image\" rel=\"gallery-408\"  href=\"https:\/\/www.maestral-camping.hr\/wp-content\/uploads\/2015\/11\/b06.jpg\" title=\"\u010ciringito Viganj\">\n\t\t\t\t\t\t\t\t\t\t\t<img src=\"https:\/\/www.maestral-camping.hr\/wp-content\/uploads\/2015\/11\/b06-400x250.jpg\" alt=\"\u010ciringito Viganj\" title=\"\u010ciringito Viganj\"\/>\n\t\t\t\t\t\t\t\t\t\t\t<\/a>\n\t\t\t\t\t<\/div>\n\t\t\t\t<\/div>\n\t\t\t<\/div>                 \n\t\t\t\t\n\t\t\t\t<div class=\"six columns mobile-three space-bottom mobile-fullwidth\">\n\t\t\t\t<div class=\"row\">\n\t\t\t\t\t<div class=\"twelve columns pV0H5 gallery_colorbox\">\n\t\t\t\t\t\t<a class=\"gallery_2col image\" rel=\"gallery-408\"  href=\"https:\/\/www.maestral-camping.hr\/wp-content\/uploads\/2015\/11\/b07.jpg\" title=\"\u010ciringito Viganj\">\n\t\t\t\t\t\t\t\t\t\t\t<img src=\"https:\/\/www.maestral-camping.hr\/wp-content\/uploads\/2015\/11\/b07-400x250.jpg\" alt=\"\u010ciringito Viganj\" title=\"\u010ciringito Viganj\"\/>\n\t\t\t\t\t\t\t\t\t\t\t<\/a>\n\t\t\t\t\t<\/div>\n\t\t\t\t<\/div>\n\t\t\t<\/div>                 \n\t\t\t\t\n\t\t\t\t<div class=\"six columns mobile-three space-bottom mobile-fullwidth\">\n\t\t\t\t<div class=\"row\">\n\t\t\t\t\t<div class=\"twelve columns pV0H5 gallery_colorbox\">\n\t\t\t\t\t\t<a class=\"gallery_2col image\" rel=\"gallery-408\"  href=\"https:\/\/www.maestral-camping.hr\/wp-content\/uploads\/2021\/03\/20190714_150538-scaled.jpg\" title=\"\u010ciringito Viganj\">\n\t\t\t\t\t\t\t\t\t\t\t<img src=\"https:\/\/www.maestral-camping.hr\/wp-content\/uploads\/2021\/03\/20190714_150538-scaled-400x250.jpg\" alt=\"\u010ciringito Viganj\" title=\"\u010ciringito Viganj\"\/>\n\t\t\t\t\t\t\t\t\t\t\t<\/a>\n\t\t\t\t\t<\/div>\n\t\t\t\t<\/div>\n\t\t\t<\/div>                 \n\t\t\t\t\n\t\t\t\t<div class=\"six columns mobile-three space-bottom mobile-fullwidth\">\n\t\t\t\t<div class=\"row\">\n\t\t\t\t\t<div class=\"twelve columns pV0H5 gallery_colorbox\">\n\t\t\t\t\t\t<a class=\"gallery_2col image\" rel=\"gallery-408\"  href=\"https:\/\/www.maestral-camping.hr\/wp-content\/uploads\/2021\/03\/20190716_135541.jpg\" title=\"\u010ciringito Viganj\">\n\t\t\t\t\t\t\t\t\t\t\t<img src=\"https:\/\/www.maestral-camping.hr\/wp-content\/uploads\/2021\/03\/20190716_135541-400x250.jpg\" alt=\"\u010ciringito Viganj\" title=\"\u010ciringito Viganj\"\/>\n\t\t\t\t\t\t\t\t\t\t\t<\/a>\n\t\t\t\t\t<\/div>\n\t\t\t\t<\/div>\n\t\t\t<\/div>                 \n\t\t\t\t\n\t\t\t\t<div class=\"six columns mobile-three space-bottom mobile-fullwidth\">\n\t\t\t\t<div class=\"row\">\n\t\t\t\t\t<div class=\"twelve columns pV0H5 gallery_colorbox\">\n\t\t\t\t\t\t<a class=\"gallery_2col image\" rel=\"gallery-408\"  href=\"https:\/\/www.maestral-camping.hr\/wp-content\/uploads\/2021\/03\/20190717_140529.jpg\" title=\"\u010ciringito Viganj\">\n\t\t\t\t\t\t\t\t\t\t\t<img src=\"https:\/\/www.maestral-camping.hr\/wp-content\/uploads\/2021\/03\/20190717_140529-400x250.jpg\" alt=\"\u010ciringito Viganj\" title=\"\u010ciringito Viganj\"\/>\n\t\t\t\t\t\t\t\t\t\t\t<\/a>\n\t\t\t\t\t<\/div>\n\t\t\t\t<\/div>\n\t\t\t<\/div>                 \n\t\t\t\t\n\t\t\t\t<div class=\"six columns mobile-three space-bottom mobile-fullwidth\">\n\t\t\t\t<div class=\"row\">\n\t\t\t\t\t<div class=\"twelve columns pV0H5 gallery_colorbox\">\n\t\t\t\t\t\t<a class=\"gallery_2col image\" rel=\"gallery-408\"  href=\"https:\/\/www.maestral-camping.hr\/wp-content\/uploads\/2021\/03\/20190717_154312.jpg\" title=\"Maestral Viganj\">\n\t\t\t\t\t\t\t\t\t\t\t<img src=\"https:\/\/www.maestral-camping.hr\/wp-content\/uploads\/2021\/03\/20190717_154312-400x250.jpg\" alt=\"Maestral Viganj\" title=\"Maestral Viganj\"\/>\n\t\t\t\t\t\t\t\t\t\t\t<\/a>\n\t\t\t\t\t<\/div>\n\t\t\t\t<\/div>\n\t\t\t<\/div>                 \n\t\t\t\t\n\t\t\t\t<div class=\"six columns mobile-three space-bottom mobile-fullwidth\">\n\t\t\t\t<div class=\"row\">\n\t\t\t\t\t<div class=\"twelve columns pV0H5 gallery_colorbox\">\n\t\t\t\t\t\t<a class=\"gallery_2col image\" rel=\"gallery-408\"  href=\"https:\/\/www.maestral-camping.hr\/wp-content\/uploads\/2021\/03\/20190717_154435-1.jpg\" title=\"\u010ciringito Viganj\">\n\t\t\t\t\t\t\t\t\t\t\t<img src=\"https:\/\/www.maestral-camping.hr\/wp-content\/uploads\/2021\/03\/20190717_154435-1-400x250.jpg\" alt=\"\u010ciringito Viganj\" title=\"\u010ciringito Viganj\"\/>\n\t\t\t\t\t\t\t\t\t\t\t<\/a>\n\t\t\t\t\t<\/div>\n\t\t\t\t<\/div>\n\t\t\t<\/div>                 \n\t\t\t\t\n\t\t\t\t<div class=\"six columns mobile-three space-bottom mobile-fullwidth\">\n\t\t\t\t<div class=\"row\">\n\t\t\t\t\t<div class=\"twelve columns pV0H5 gallery_colorbox\">\n\t\t\t\t\t\t<a class=\"gallery_2col image\" rel=\"gallery-408\"  href=\"https:\/\/www.maestral-camping.hr\/wp-content\/uploads\/2021\/03\/20190810_173520.jpg\" title=\"\u010ciringito Viganj\">\n\t\t\t\t\t\t\t\t\t\t\t<img src=\"https:\/\/www.maestral-camping.hr\/wp-content\/uploads\/2021\/03\/20190810_173520-400x250.jpg\" alt=\"\u010ciringito Viganj\" title=\"\u010ciringito Viganj\"\/>\n\t\t\t\t\t\t\t\t\t\t\t<\/a>\n\t\t\t\t\t<\/div>\n\t\t\t\t<\/div>\n\t\t\t<\/div>                 \n\t\t\t\t\n\t\t\t\t<div class=\"six columns mobile-three space-bottom mobile-fullwidth\">\n\t\t\t\t<div class=\"row\">\n\t\t\t\t\t<div class=\"twelve columns pV0H5 gallery_colorbox\">\n\t\t\t\t\t\t<a class=\"gallery_2col image\" rel=\"gallery-408\"  href=\"https:\/\/www.maestral-camping.hr\/wp-content\/uploads\/2021\/03\/20200620_124700-scaled.jpg\" title=\"Maestral Viganj\">\n\t\t\t\t\t\t\t\t\t\t\t<img src=\"https:\/\/www.maestral-camping.hr\/wp-content\/uploads\/2021\/03\/20200620_124700-scaled-400x250.jpg\" alt=\"Maestral Viganj\" title=\"Maestral Viganj\"\/>\n\t\t\t\t\t\t\t\t\t\t\t<\/a>\n\t\t\t\t\t<\/div>\n\t\t\t\t<\/div>\n\t\t\t<\/div>                 \n\t\t\t\t\n\t\t\t\t<div class=\"six columns mobile-three space-bottom mobile-fullwidth\">\n\t\t\t\t<div class=\"row\">\n\t\t\t\t\t<div class=\"twelve columns pV0H5 gallery_colorbox\">\n\t\t\t\t\t\t<a class=\"gallery_2col image\" rel=\"gallery-408\"  href=\"https:\/\/www.maestral-camping.hr\/wp-content\/uploads\/2021\/03\/20200620_125055.jpg\" title=\"\u010ciringito Viganj\">\n\t\t\t\t\t\t\t\t\t\t\t<img src=\"https:\/\/www.maestral-camping.hr\/wp-content\/uploads\/2021\/03\/20200620_125055-400x250.jpg\" alt=\"\u010ciringito Viganj\" title=\"\u010ciringito Viganj\"\/>\n\t\t\t\t\t\t\t\t\t\t\t<\/a>\n\t\t\t\t\t<\/div>\n\t\t\t\t<\/div>\n\t\t\t<\/div>                 \n\t\t\t\t\n\t\t\t\t<div class=\"six columns mobile-three space-bottom mobile-fullwidth\">\n\t\t\t\t<div class=\"row\">\n\t\t\t\t\t<div class=\"twelve columns pV0H5 gallery_colorbox\">\n\t\t\t\t\t\t<a class=\"gallery_2col image\" rel=\"gallery-408\"  href=\"https:\/\/www.maestral-camping.hr\/wp-content\/uploads\/2021\/03\/20200620_175202.jpg\" title=\"Maestral Viganj\">\n\t\t\t\t\t\t\t\t\t\t\t<img src=\"https:\/\/www.maestral-camping.hr\/wp-content\/uploads\/2021\/03\/20200620_175202-400x250.jpg\" alt=\"Maestral Viganj\" title=\"Maestral Viganj\"\/>\n\t\t\t\t\t\t\t\t\t\t\t<\/a>\n\t\t\t\t\t<\/div>\n\t\t\t\t<\/div>\n\t\t\t<\/div>                 \n\t\t\t\t\n\t\t\n\n<\/div>            \n\n\n\n<div class=\"row gallery-space pV0H10\">\n\t\t\t\t<div class=\"six columns mobile-three space-bottom mobile-fullwidth\">\n\t\t\t\t<div class=\"row\">\n\t\t\t\t\t<div class=\"twelve columns pV0H5 gallery_colorbox\">\n\t\t\t\t\t\t<a class=\"gallery_2col image\" rel=\"gallery-448\"  href=\"https:\/\/www.maestral-camping.hr\/wp-content\/uploads\/2015\/11\/v01.jpg\" title=\"Viganj Surfing\">\n\t\t\t\t\t\t\t\t\t\t\t<img src=\"https:\/\/www.maestral-camping.hr\/wp-content\/uploads\/2015\/11\/v01-400x250.jpg\" alt=\"Viganj Surfing\" title=\"Viganj Surfing\"\/>\n\t\t\t\t\t\t\t\t\t\t\t<\/a>\n\t\t\t\t\t<\/div>\n\t\t\t\t<\/div>\n\t\t\t<\/div>                 \n\t\t\t\t\n\t\t\t\t<div class=\"six columns mobile-three space-bottom mobile-fullwidth\">\n\t\t\t\t<div class=\"row\">\n\t\t\t\t\t<div class=\"twelve columns pV0H5 gallery_colorbox\">\n\t\t\t\t\t\t<a class=\"gallery_2col image\" rel=\"gallery-448\"  href=\"https:\/\/www.maestral-camping.hr\/wp-content\/uploads\/2021\/03\/Viganj-3-Ive-Trojanovic.jpg\" title=\"Viganj by Ive Trojanovic\">\n\t\t\t\t\t\t\t\t\t\t\t<img src=\"https:\/\/www.maestral-camping.hr\/wp-content\/uploads\/2021\/03\/Viganj-3-Ive-Trojanovic-400x250.jpg\" alt=\"Viganj by Ive Trojanovic\" title=\"Viganj by Ive Trojanovic\"\/>\n\t\t\t\t\t\t\t\t\t\t\t<\/a>\n\t\t\t\t\t<\/div>\n\t\t\t\t<\/div>\n\t\t\t<\/div>                 \n\t\t\t\t\n\t\t\t\t<div class=\"six columns mobile-three space-bottom mobile-fullwidth\">\n\t\t\t\t<div class=\"row\">\n\t\t\t\t\t<div class=\"twelve columns pV0H5 gallery_colorbox\">\n\t\t\t\t\t\t<a class=\"gallery_2col image\" rel=\"gallery-448\"  href=\"https:\/\/www.maestral-camping.hr\/wp-content\/uploads\/2021\/03\/Viganj-1-Ive-Trojanovic.jpg\" title=\"Viganj by Ive Trojanovic\">\n\t\t\t\t\t\t\t\t\t\t\t<img src=\"https:\/\/www.maestral-camping.hr\/wp-content\/uploads\/2021\/03\/Viganj-1-Ive-Trojanovic-400x250.jpg\" alt=\"Viganj by Ive Trojanovic\" title=\"Viganj by Ive Trojanovic\"\/>\n\t\t\t\t\t\t\t\t\t\t\t<\/a>\n\t\t\t\t\t<\/div>\n\t\t\t\t<\/div>\n\t\t\t<\/div>                 \n\t\t\t\t\n\t\t\t\t<div class=\"six columns mobile-three space-bottom mobile-fullwidth\">\n\t\t\t\t<div class=\"row\">\n\t\t\t\t\t<div class=\"twelve columns pV0H5 gallery_colorbox\">\n\t\t\t\t\t\t<a class=\"gallery_2col image\" rel=\"gallery-448\"  href=\"https:\/\/www.maestral-camping.hr\/wp-content\/uploads\/2021\/03\/Photo-12-08-2020-18-23-08.jpg\" title=\"Ponta Beach Viganj\">\n\t\t\t\t\t\t\t\t\t\t\t<img src=\"https:\/\/www.maestral-camping.hr\/wp-content\/uploads\/2021\/03\/Photo-12-08-2020-18-23-08-400x250.jpg\" alt=\"Ponta Beach Viganj\" title=\"Ponta Beach Viganj\"\/>\n\t\t\t\t\t\t\t\t\t\t\t<\/a>\n\t\t\t\t\t<\/div>\n\t\t\t\t<\/div>\n\t\t\t<\/div>                 \n\t\t\t\t\n\t\t\t\t<div class=\"six columns mobile-three space-bottom mobile-fullwidth\">\n\t\t\t\t<div class=\"row\">\n\t\t\t\t\t<div class=\"twelve columns pV0H5 gallery_colorbox\">\n\t\t\t\t\t\t<a class=\"gallery_2col image\" rel=\"gallery-448\"  href=\"https:\/\/www.maestral-camping.hr\/wp-content\/uploads\/2021\/03\/Photo-12-08-2020-18-23-16-1.jpg\" title=\"Ponta Beach Viganj\">\n\t\t\t\t\t\t\t\t\t\t\t<img src=\"https:\/\/www.maestral-camping.hr\/wp-content\/uploads\/2021\/03\/Photo-12-08-2020-18-23-16-1-400x250.jpg\" alt=\"Ponta Beach Viganj\" title=\"Ponta Beach Viganj\"\/>\n\t\t\t\t\t\t\t\t\t\t\t<\/a>\n\t\t\t\t\t<\/div>\n\t\t\t\t<\/div>\n\t\t\t<\/div>                 \n\t\t\t\t\n\t\t\t\t<div class=\"six columns mobile-three space-bottom mobile-fullwidth\">\n\t\t\t\t<div class=\"row\">\n\t\t\t\t\t<div class=\"twelve columns pV0H5 gallery_colorbox\">\n\t\t\t\t\t\t<a class=\"gallery_2col image\" rel=\"gallery-448\"  href=\"https:\/\/www.maestral-camping.hr\/wp-content\/uploads\/2021\/03\/Photo-12-08-2020-18-20-48.jpg\" title=\"Ponta Beach Viganj\">\n\t\t\t\t\t\t\t\t\t\t\t<img src=\"https:\/\/www.maestral-camping.hr\/wp-content\/uploads\/2021\/03\/Photo-12-08-2020-18-20-48-400x250.jpg\" alt=\"Ponta Beach Viganj\" title=\"Ponta Beach Viganj\"\/>\n\t\t\t\t\t\t\t\t\t\t\t<\/a>\n\t\t\t\t\t<\/div>\n\t\t\t\t<\/div>\n\t\t\t<\/div>                 \n\t\t\t\t\n\t\t\n\n<\/div>            \n\n\n\n<div class=\"row gallery-space pV0H10\">\n\t\t\t\t<div class=\"six columns mobile-three space-bottom mobile-fullwidth\">\n\t\t\t\t<div class=\"row\">\n\t\t\t\t\t<div class=\"twelve columns pV0H5 gallery_colorbox\">\n\t\t\t\t\t\t<a class=\"gallery_2col image\" rel=\"gallery-659\"  href=\"https:\/\/www.maestral-camping.hr\/wp-content\/uploads\/2015\/11\/VIGANJ1-1400-Logo.jpg\" title=\"Viganj Peljesac\">\n\t\t\t\t\t\t\t\t\t\t\t<img src=\"https:\/\/www.maestral-camping.hr\/wp-content\/uploads\/2015\/11\/VIGANJ1-1400-Logo-400x250.jpg\" alt=\"Viganj Peljesac\" title=\"Viganj Peljesac\"\/>\n\t\t\t\t\t\t\t\t\t\t\t<\/a>\n\t\t\t\t\t<\/div>\n\t\t\t\t<\/div>\n\t\t\t<\/div>                 \n\t\t\t\t\n\t\t\t\t<div class=\"six columns mobile-three space-bottom mobile-fullwidth\">\n\t\t\t\t<div class=\"row\">\n\t\t\t\t\t<div class=\"twelve columns pV0H5 gallery_colorbox\">\n\t\t\t\t\t\t<a class=\"gallery_2col image\" rel=\"gallery-659\"  href=\"https:\/\/www.maestral-camping.hr\/wp-content\/uploads\/2015\/11\/VIGANJ2-1400-Logo.jpg\" title=\"Viganj Peljesac\">\n\t\t\t\t\t\t\t\t\t\t\t<img src=\"https:\/\/www.maestral-camping.hr\/wp-content\/uploads\/2015\/11\/VIGANJ2-1400-Logo-400x250.jpg\" alt=\"Viganj Peljesac\" title=\"Viganj Peljesac\"\/>\n\t\t\t\t\t\t\t\t\t\t\t<\/a>\n\t\t\t\t\t<\/div>\n\t\t\t\t<\/div>\n\t\t\t<\/div>                 \n\t\t\t\t\n\t\t\t\t<div class=\"six columns mobile-three space-bottom mobile-fullwidth\">\n\t\t\t\t<div class=\"row\">\n\t\t\t\t\t<div class=\"twelve columns pV0H5 gallery_colorbox\">\n\t\t\t\t\t\t<a class=\"gallery_2col image\" rel=\"gallery-659\"  href=\"https:\/\/www.maestral-camping.hr\/wp-content\/uploads\/2015\/11\/VIGANJ4-1400-Logo.jpg\" title=\"Viganj Peljesac\">\n\t\t\t\t\t\t\t\t\t\t\t<img src=\"https:\/\/www.maestral-camping.hr\/wp-content\/uploads\/2015\/11\/VIGANJ4-1400-Logo-400x250.jpg\" alt=\"Viganj Peljesac\" title=\"Viganj Peljesac\"\/>\n\t\t\t\t\t\t\t\t\t\t\t<\/a>\n\t\t\t\t\t<\/div>\n\t\t\t\t<\/div>\n\t\t\t<\/div>                 \n\t\t\t\t\n\t\t\t\t<div class=\"six columns mobile-three space-bottom mobile-fullwidth\">\n\t\t\t\t<div class=\"row\">\n\t\t\t\t\t<div class=\"twelve columns pV0H5 gallery_colorbox\">\n\t\t\t\t\t\t<a class=\"gallery_2col image\" rel=\"gallery-659\"  href=\"https:\/\/www.maestral-camping.hr\/wp-content\/uploads\/2015\/11\/VIGANJ5-1400-Logo.jpg\" title=\"Viganj Peljesac\">\n\t\t\t\t\t\t\t\t\t\t\t<img src=\"https:\/\/www.maestral-camping.hr\/wp-content\/uploads\/2015\/11\/VIGANJ5-1400-Logo-400x250.jpg\" alt=\"Viganj Peljesac\" title=\"Viganj Peljesac\"\/>\n\t\t\t\t\t\t\t\t\t\t\t<\/a>\n\t\t\t\t\t<\/div>\n\t\t\t\t<\/div>\n\t\t\t<\/div>                 \n\t\t\t\t\n\t\t\t\t<div class=\"six columns mobile-three space-bottom mobile-fullwidth\">\n\t\t\t\t<div class=\"row\">\n\t\t\t\t\t<div class=\"twelve columns pV0H5 gallery_colorbox\">\n\t\t\t\t\t\t<a class=\"gallery_2col image\" rel=\"gallery-659\"  href=\"https:\/\/www.maestral-camping.hr\/wp-content\/uploads\/2015\/11\/VIGANJ6-1400-Logo.jpg\" title=\"Viganj Peljesac\">\n\t\t\t\t\t\t\t\t\t\t\t<img src=\"https:\/\/www.maestral-camping.hr\/wp-content\/uploads\/2015\/11\/VIGANJ6-1400-Logo-400x250.jpg\" alt=\"Viganj Peljesac\" title=\"Viganj Peljesac\"\/>\n\t\t\t\t\t\t\t\t\t\t\t<\/a>\n\t\t\t\t\t<\/div>\n\t\t\t\t<\/div>\n\t\t\t<\/div>                 \n\t\t\t\t\n\t\t\t\t<div class=\"six columns mobile-three space-bottom mobile-fullwidth\">\n\t\t\t\t<div class=\"row\">\n\t\t\t\t\t<div class=\"twelve columns pV0H5 gallery_colorbox\">\n\t\t\t\t\t\t<a class=\"gallery_2col image\" rel=\"gallery-659\"  href=\"https:\/\/www.maestral-camping.hr\/wp-content\/uploads\/2015\/11\/VIGANJ7-1400-Logo.jpg\" title=\"Viganj Peljesac\">\n\t\t\t\t\t\t\t\t\t\t\t<img src=\"https:\/\/www.maestral-camping.hr\/wp-content\/uploads\/2015\/11\/VIGANJ7-1400-Logo-400x250.jpg\" alt=\"Viganj Peljesac\" title=\"Viganj Peljesac\"\/>\n\t\t\t\t\t\t\t\t\t\t\t<\/a>\n\t\t\t\t\t<\/div>\n\t\t\t\t<\/div>\n\t\t\t<\/div>                 \n\t\t\t\t\n\t\t\n\n<\/div>            \n\n\n","protected":false},"excerpt":{"rendered":"<p>Na ju\u017enoj obali poluotoka Pelje\u0161ca nalazi se Viganj, mjesto bogate pomorske i turisti\u010dko-ugostiteljske tradicije. Jo\u0161 1936. godine u Vignju je osnovano turisti\u010dko dru\u0161tvo, prvo na ovom dijelu Jadrana. Smje\u0161teno u [&hellip;]<\/p>\n","protected":false},"author":1,"featured_media":0,"parent":0,"menu_order":0,"comment_status":"closed","ping_status":"closed","template":"","meta":[],"_links":{"self":[{"href":"https:\/\/www.maestral-camping.hr\/hr\/wp-json\/wp\/v2\/pages\/140"}],"collection":[{"href":"https:\/\/www.maestral-camping.hr\/hr\/wp-json\/wp\/v2\/pages"}],"about":[{"href":"https:\/\/www.maestral-camping.hr\/hr\/wp-json\/wp\/v2\/types\/page"}],"author":[{"embeddable":true,"href":"https:\/\/www.maestral-camping.hr\/hr\/wp-json\/wp\/v2\/users\/1"}],"replies":[{"embeddable":true,"href":"https:\/\/www.maestral-camping.hr\/hr\/wp-json\/wp\/v2\/comments?post=140"}],"version-history":[{"count":6,"href":"https:\/\/www.maestral-camping.hr\/hr\/wp-json\/wp\/v2\/pages\/140\/revisions"}],"predecessor-version":[{"id":1943,"href":"https:\/\/www.maestral-camping.hr\/hr\/wp-json\/wp\/v2\/pages\/140\/revisions\/1943"}],"wp:attachment":[{"href":"https:\/\/www.maestral-camping.hr\/hr\/wp-json\/wp\/v2\/media?parent=140"}],"curies":[{"name":"wp","href":"https:\/\/api.w.org\/{rel}","templated":true}]}}