{"id":130,"date":"2015-11-12T09:44:19","date_gmt":"2015-11-12T09:44:19","guid":{"rendered":"http:\/\/www.maestral-camping.hr\/de\/?page_id=130"},"modified":"2024-04-03T01:47:17","modified_gmt":"2024-04-03T01:47:17","slug":"viganj","status":"publish","type":"page","link":"https:\/\/www.maestral-camping.hr\/de\/viganj\/","title":{"rendered":"Viganj"},"content":{"rendered":"<p>An der s\u00fcdlichen K\u00fcste der Halbinsel Peljesac befindet sich Viganj, ein Ort mit der gro\u00dfen Seetradition, sowie mit der touristischen und gastgewerblichen Tradition. Bereits im Jahr 1936 wurde in Viganj erste touristische Gesellschaft in diesem Teil der Adria gegr\u00fcndet. Der Ort Viganj befindet sich in einer weitl\u00e4ufigen Bucht, westlich der Landzunge Sveti Liberan, am Rand einer fruchtbaren Flyschzone. Die Grundlagen der wirtschaftlichen Entwicklung sind Tourismus, Fischerei und Landwirtschaft. Nord\u00f6stlich des Ortes Viganj befindet sich der Bergsteigerausflugsort Sveti Ilija (961 m).<\/p>\n<p class=\"glavniTekst\">Der Ort Viganj ist heute ein wundersch\u00f6ner Obstgarten und botanischer Garten. Dieser Ort ist gegen Nordwinde gesch\u00fctzt und in die Richtung des immer warmen S\u00fcdens gedreht. Hier wachsen wundersame Obstb\u00e4ume und Pflanzen, die von ber\u00fchmten Seem\u00e4nnern, die von der Insel Peljesac stammen, von den Weltseeschiffarten mitgebracht wurden. Im Ort Viganj gibt es viele H\u00e4user und Villen, die vermietet werden, und die Touristen sch\u00e4tzen insbesondere inl\u00e4ndische Produkte, die von den einheimischen Einwohnern angeboten werden. Die Badeg\u00e4ste werden vom gro\u00dfen Kiesstrand und von den Kieferw\u00e4ldchen begeistert sein. \u00dcber den Ort Viganj befinden sich malerische D\u00f6rfer: Basina, Kovacevici, Kraljevica Selo, Sapetino Selo, Podac und Dol. An der Spitze Sveti Ivan, wo sich, in der N\u00e4he des Weges, eine alte Kirche befindet, unter welcher sich die Reste von Artilleriepositionen der \u00f6sterreichischen Seeflotte befinden, endet der Kanal von Peljesac. Hier herrschen g\u00fcnstige Bedingungen f\u00fcr Segeln, Surfing, sowie f\u00fcr Bergsteigen.<\/p>\n<p class=\"glavniTekst\">Der Ort Viganj (330 Einwohner) befindet sich 7 km westlich von Orebic, und dies ist der gr\u00f6\u00dfte Ort auf der Halbinsel. Orebic ist nur 15 Minuten mit dem Schiff von der Stadt Kor\u00e8ula auf der gleichnamigen Insel entfernt. Die Entfernung von Dubrovnik, die mit Sicherheit die sch\u00f6nste Stadt in Kroatien ist, betr\u00e4gt 128 km, und Viganj ist mit dieser Stadt mit den Autobuslinien verbunden. Viganj befindet sich am regionalen Verkehrsweg, der durch die Halbinsel verl\u00e4uft.<\/p>\n<p class=\"glavniTekst\">Viganj wurde im pr\u00e4historischen Zeitalter, sowie im Zeitalter der Antike besiedelt. Die Pfarrkirche von Sankt Michael wurde im Zeitalter der Gotik gebaut, und im Jahr 1760 wurde sie angebaut. Das Dominikanerkloster und die Dominikanerkirche wurden im Jahr 1671 vom Schiffsherr Marko Krstelj gebaut. Die Kirche ist ein Geb\u00e4ude mit einem Schiff, und auf dem Hauptaltar befindet sich die Statue der Heiligen Jungfrau Maria. In der Kirche wird die gotische Holzs\u00e4ule der Heiligen Jungfrau Maria, sowie die B\u00fcste eines Heiligen aus dem Zeitalter der Renaissance aufbewahrt. Neben der Kirche befindet sich ein Kloster mit einfachen Arkaden.<\/p>\n<p class=\"glavniTekst\">In der N\u00e4he des Ortes Viganj (10 Minuten der Fahrt mit dem Auto) befindet sich auch die Grotte namens &#8222;Spila Nakovana&#8220;, die erst im Jahr 1999 entdeckt wurde. Die arch\u00e4ologischen Befunde rund um die Grotte und in der Grotte stammen aus dem Zeitalter des fr\u00fchen Neolithikums (etwa 6000 Jahre vor Christi), bis zum Ende des sp\u00e4ten Eisenzeitalters (1. Jahrhundert vor Christi). Sie sind eine Weltsensation in den Fachkreisen, aber auch in der inl\u00e4ndischen \u00d6ffentlichkeit geworden. Es handelt sich vorwiegend um keramisches Geschirr, unter welchem das feine Geschirr f\u00fcrs Trinken \u00fcberwiegt, das zum gr\u00f6\u00dften Teil aus Griechenland, aus griechischen Kolonien in S\u00fcditalien, sowie aus griechischen Kolonien auf den Inseln in Mitteldalmatien importiert wurde. Die Befunde in der Grotte sind rund um einen einsamen Stalagmit, der zweifellos an einen Phallus erinnert, versammelt, der \u00fcber den Raum der Haupthalle in der Grotte dominiert.<\/p>\n\n<div class=\"row gallery-space pV0H10\">\n\t\t\t\t<div class=\"six columns mobile-three space-bottom mobile-fullwidth\">\n\t\t\t\t<div class=\"row\">\n\t\t\t\t\t<div class=\"twelve columns pV0H5 gallery_colorbox\">\n\t\t\t\t\t\t<a class=\"gallery_2col image\" rel=\"gallery-1726\"  href=\"https:\/\/www.maestral-camping.hr\/wp-content\/uploads\/2022\/09\/DJI_0734dz.jpg\" title=\"DJI_0734dz\">\n\t\t\t\t\t\t\t\t\t\t\t<img src=\"https:\/\/www.maestral-camping.hr\/wp-content\/uploads\/2022\/09\/DJI_0734dz-400x250.jpg\" alt=\"DJI_0734dz\" title=\"DJI_0734dz\"\/>\n\t\t\t\t\t\t\t\t\t\t\t<\/a>\n\t\t\t\t\t<\/div>\n\t\t\t\t<\/div>\n\t\t\t<\/div>                 \n\t\t\t\t\n\t\t\t\t<div class=\"six columns mobile-three space-bottom mobile-fullwidth\">\n\t\t\t\t<div class=\"row\">\n\t\t\t\t\t<div class=\"twelve columns pV0H5 gallery_colorbox\">\n\t\t\t\t\t\t<a class=\"gallery_2col image\" rel=\"gallery-1726\"  href=\"https:\/\/www.maestral-camping.hr\/wp-content\/uploads\/2022\/09\/DJI_0741dz-scaled.jpg\" title=\"default\">\n\t\t\t\t\t\t\t\t\t\t\t<img src=\"https:\/\/www.maestral-camping.hr\/wp-content\/uploads\/2022\/09\/DJI_0741dz-scaled-400x250.jpg\" alt=\"default\" title=\"default\"\/>\n\t\t\t\t\t\t\t\t\t\t\t<\/a>\n\t\t\t\t\t<\/div>\n\t\t\t\t<\/div>\n\t\t\t<\/div>                 \n\t\t\t\t\n\t\t\t\t<div class=\"six columns mobile-three space-bottom mobile-fullwidth\">\n\t\t\t\t<div class=\"row\">\n\t\t\t\t\t<div class=\"twelve columns pV0H5 gallery_colorbox\">\n\t\t\t\t\t\t<a class=\"gallery_2col image\" rel=\"gallery-1726\"  href=\"https:\/\/www.maestral-camping.hr\/wp-content\/uploads\/2022\/09\/DJI_0747dz.jpg\" title=\"DJI_0747dz\">\n\t\t\t\t\t\t\t\t\t\t\t<img src=\"https:\/\/www.maestral-camping.hr\/wp-content\/uploads\/2022\/09\/DJI_0747dz-400x250.jpg\" alt=\"DJI_0747dz\" title=\"DJI_0747dz\"\/>\n\t\t\t\t\t\t\t\t\t\t\t<\/a>\n\t\t\t\t\t<\/div>\n\t\t\t\t<\/div>\n\t\t\t<\/div>                 \n\t\t\t\t\n\t\t\t\t<div class=\"six columns mobile-three space-bottom mobile-fullwidth\">\n\t\t\t\t<div class=\"row\">\n\t\t\t\t\t<div class=\"twelve columns pV0H5 gallery_colorbox\">\n\t\t\t\t\t\t<a class=\"gallery_2col image\" rel=\"gallery-1726\"  href=\"https:\/\/www.maestral-camping.hr\/wp-content\/uploads\/2022\/09\/DJI_0758dz.jpg\" title=\"DJI_0758dz\">\n\t\t\t\t\t\t\t\t\t\t\t<img src=\"https:\/\/www.maestral-camping.hr\/wp-content\/uploads\/2022\/09\/DJI_0758dz-400x250.jpg\" alt=\"DJI_0758dz\" title=\"DJI_0758dz\"\/>\n\t\t\t\t\t\t\t\t\t\t\t<\/a>\n\t\t\t\t\t<\/div>\n\t\t\t\t<\/div>\n\t\t\t<\/div>                 \n\t\t\t\t\n\t\t\t\t<div class=\"six columns mobile-three space-bottom mobile-fullwidth\">\n\t\t\t\t<div class=\"row\">\n\t\t\t\t\t<div class=\"twelve columns pV0H5 gallery_colorbox\">\n\t\t\t\t\t\t<a class=\"gallery_2col image\" rel=\"gallery-1726\"  href=\"https:\/\/www.maestral-camping.hr\/wp-content\/uploads\/2022\/09\/DJI_0760dz-scaled.jpg\" title=\"default\">\n\t\t\t\t\t\t\t\t\t\t\t<img src=\"https:\/\/www.maestral-camping.hr\/wp-content\/uploads\/2022\/09\/DJI_0760dz-scaled-400x250.jpg\" alt=\"default\" title=\"default\"\/>\n\t\t\t\t\t\t\t\t\t\t\t<\/a>\n\t\t\t\t\t<\/div>\n\t\t\t\t<\/div>\n\t\t\t<\/div>                 \n\t\t\t\t\n\t\t\t\t<div class=\"six columns mobile-three space-bottom mobile-fullwidth\">\n\t\t\t\t<div class=\"row\">\n\t\t\t\t\t<div class=\"twelve columns pV0H5 gallery_colorbox\">\n\t\t\t\t\t\t<a class=\"gallery_2col image\" rel=\"gallery-1726\"  href=\"https:\/\/www.maestral-camping.hr\/wp-content\/uploads\/2022\/09\/DJI_0765dz-scaled.jpg\" title=\"default\">\n\t\t\t\t\t\t\t\t\t\t\t<img src=\"https:\/\/www.maestral-camping.hr\/wp-content\/uploads\/2022\/09\/DJI_0765dz-scaled-400x250.jpg\" alt=\"default\" title=\"default\"\/>\n\t\t\t\t\t\t\t\t\t\t\t<\/a>\n\t\t\t\t\t<\/div>\n\t\t\t\t<\/div>\n\t\t\t<\/div>                 \n\t\t\t\t\n\t\t\n\n<\/div>            \n\n\n\n<div class=\"row gallery-space pV0H10\">\n\t\t\t\t<div class=\"six columns mobile-three space-bottom mobile-fullwidth\">\n\t\t\t\t<div class=\"row\">\n\t\t\t\t\t<div class=\"twelve columns pV0H5 gallery_colorbox\">\n\t\t\t\t\t\t<a class=\"gallery_2col image\" rel=\"gallery-408\"  href=\"https:\/\/www.maestral-camping.hr\/wp-content\/uploads\/2015\/11\/slider11.jpg\" title=\"\">\n\t\t\t\t\t\t\t\t\t\t\t<img src=\"https:\/\/www.maestral-camping.hr\/wp-content\/uploads\/2015\/11\/slider11-400x250.jpg\" alt=\"\" title=\"\"\/>\n\t\t\t\t\t\t\t\t\t\t\t<\/a>\n\t\t\t\t\t<\/div>\n\t\t\t\t<\/div>\n\t\t\t<\/div>                 \n\t\t\t\t\n\t\t\t\t<div class=\"six columns mobile-three space-bottom mobile-fullwidth\">\n\t\t\t\t<div class=\"row\">\n\t\t\t\t\t<div class=\"twelve columns pV0H5 gallery_colorbox\">\n\t\t\t\t\t\t<a class=\"gallery_2col image\" rel=\"gallery-408\"  href=\"https:\/\/www.maestral-camping.hr\/wp-content\/uploads\/2015\/11\/b02.jpg\" title=\"\u010ciringito Viganj\">\n\t\t\t\t\t\t\t\t\t\t\t<img src=\"https:\/\/www.maestral-camping.hr\/wp-content\/uploads\/2015\/11\/b02-400x250.jpg\" alt=\"\u010ciringito Viganj\" title=\"\u010ciringito Viganj\"\/>\n\t\t\t\t\t\t\t\t\t\t\t<\/a>\n\t\t\t\t\t<\/div>\n\t\t\t\t<\/div>\n\t\t\t<\/div>                 \n\t\t\t\t\n\t\t\t\t<div class=\"six columns mobile-three space-bottom mobile-fullwidth\">\n\t\t\t\t<div class=\"row\">\n\t\t\t\t\t<div class=\"twelve columns pV0H5 gallery_colorbox\">\n\t\t\t\t\t\t<a class=\"gallery_2col image\" rel=\"gallery-408\"  href=\"https:\/\/www.maestral-camping.hr\/wp-content\/uploads\/2015\/11\/b04.jpg\" title=\"\u010ciringito Viganj\">\n\t\t\t\t\t\t\t\t\t\t\t<img src=\"https:\/\/www.maestral-camping.hr\/wp-content\/uploads\/2015\/11\/b04-400x250.jpg\" alt=\"\u010ciringito Viganj\" title=\"\u010ciringito Viganj\"\/>\n\t\t\t\t\t\t\t\t\t\t\t<\/a>\n\t\t\t\t\t<\/div>\n\t\t\t\t<\/div>\n\t\t\t<\/div>                 \n\t\t\t\t\n\t\t\t\t<div class=\"six columns mobile-three space-bottom mobile-fullwidth\">\n\t\t\t\t<div class=\"row\">\n\t\t\t\t\t<div class=\"twelve columns pV0H5 gallery_colorbox\">\n\t\t\t\t\t\t<a class=\"gallery_2col image\" rel=\"gallery-408\"  href=\"https:\/\/www.maestral-camping.hr\/wp-content\/uploads\/2015\/11\/b06.jpg\" title=\"\u010ciringito Viganj\">\n\t\t\t\t\t\t\t\t\t\t\t<img src=\"https:\/\/www.maestral-camping.hr\/wp-content\/uploads\/2015\/11\/b06-400x250.jpg\" alt=\"\u010ciringito Viganj\" title=\"\u010ciringito Viganj\"\/>\n\t\t\t\t\t\t\t\t\t\t\t<\/a>\n\t\t\t\t\t<\/div>\n\t\t\t\t<\/div>\n\t\t\t<\/div>                 \n\t\t\t\t\n\t\t\t\t<div class=\"six columns mobile-three space-bottom mobile-fullwidth\">\n\t\t\t\t<div class=\"row\">\n\t\t\t\t\t<div class=\"twelve columns pV0H5 gallery_colorbox\">\n\t\t\t\t\t\t<a class=\"gallery_2col image\" rel=\"gallery-408\"  href=\"https:\/\/www.maestral-camping.hr\/wp-content\/uploads\/2015\/11\/b07.jpg\" title=\"\u010ciringito Viganj\">\n\t\t\t\t\t\t\t\t\t\t\t<img src=\"https:\/\/www.maestral-camping.hr\/wp-content\/uploads\/2015\/11\/b07-400x250.jpg\" alt=\"\u010ciringito Viganj\" title=\"\u010ciringito Viganj\"\/>\n\t\t\t\t\t\t\t\t\t\t\t<\/a>\n\t\t\t\t\t<\/div>\n\t\t\t\t<\/div>\n\t\t\t<\/div>                 \n\t\t\t\t\n\t\t\t\t<div class=\"six columns mobile-three space-bottom mobile-fullwidth\">\n\t\t\t\t<div class=\"row\">\n\t\t\t\t\t<div class=\"twelve columns pV0H5 gallery_colorbox\">\n\t\t\t\t\t\t<a class=\"gallery_2col image\" rel=\"gallery-408\"  href=\"https:\/\/www.maestral-camping.hr\/wp-content\/uploads\/2021\/03\/20190714_150538-scaled.jpg\" title=\"\u010ciringito Viganj\">\n\t\t\t\t\t\t\t\t\t\t\t<img src=\"https:\/\/www.maestral-camping.hr\/wp-content\/uploads\/2021\/03\/20190714_150538-scaled-400x250.jpg\" alt=\"\u010ciringito Viganj\" title=\"\u010ciringito Viganj\"\/>\n\t\t\t\t\t\t\t\t\t\t\t<\/a>\n\t\t\t\t\t<\/div>\n\t\t\t\t<\/div>\n\t\t\t<\/div>                 \n\t\t\t\t\n\t\t\t\t<div class=\"six columns mobile-three space-bottom mobile-fullwidth\">\n\t\t\t\t<div class=\"row\">\n\t\t\t\t\t<div class=\"twelve columns pV0H5 gallery_colorbox\">\n\t\t\t\t\t\t<a class=\"gallery_2col image\" rel=\"gallery-408\"  href=\"https:\/\/www.maestral-camping.hr\/wp-content\/uploads\/2021\/03\/20190716_135541.jpg\" title=\"\u010ciringito Viganj\">\n\t\t\t\t\t\t\t\t\t\t\t<img src=\"https:\/\/www.maestral-camping.hr\/wp-content\/uploads\/2021\/03\/20190716_135541-400x250.jpg\" alt=\"\u010ciringito Viganj\" title=\"\u010ciringito Viganj\"\/>\n\t\t\t\t\t\t\t\t\t\t\t<\/a>\n\t\t\t\t\t<\/div>\n\t\t\t\t<\/div>\n\t\t\t<\/div>                 \n\t\t\t\t\n\t\t\t\t<div class=\"six columns mobile-three space-bottom mobile-fullwidth\">\n\t\t\t\t<div class=\"row\">\n\t\t\t\t\t<div class=\"twelve columns pV0H5 gallery_colorbox\">\n\t\t\t\t\t\t<a class=\"gallery_2col image\" rel=\"gallery-408\"  href=\"https:\/\/www.maestral-camping.hr\/wp-content\/uploads\/2021\/03\/20190717_140529.jpg\" title=\"\u010ciringito Viganj\">\n\t\t\t\t\t\t\t\t\t\t\t<img src=\"https:\/\/www.maestral-camping.hr\/wp-content\/uploads\/2021\/03\/20190717_140529-400x250.jpg\" alt=\"\u010ciringito Viganj\" title=\"\u010ciringito Viganj\"\/>\n\t\t\t\t\t\t\t\t\t\t\t<\/a>\n\t\t\t\t\t<\/div>\n\t\t\t\t<\/div>\n\t\t\t<\/div>                 \n\t\t\t\t\n\t\t\t\t<div class=\"six columns mobile-three space-bottom mobile-fullwidth\">\n\t\t\t\t<div class=\"row\">\n\t\t\t\t\t<div class=\"twelve columns pV0H5 gallery_colorbox\">\n\t\t\t\t\t\t<a class=\"gallery_2col image\" rel=\"gallery-408\"  href=\"https:\/\/www.maestral-camping.hr\/wp-content\/uploads\/2021\/03\/20190717_154312.jpg\" title=\"Maestral Viganj\">\n\t\t\t\t\t\t\t\t\t\t\t<img src=\"https:\/\/www.maestral-camping.hr\/wp-content\/uploads\/2021\/03\/20190717_154312-400x250.jpg\" alt=\"Maestral Viganj\" title=\"Maestral Viganj\"\/>\n\t\t\t\t\t\t\t\t\t\t\t<\/a>\n\t\t\t\t\t<\/div>\n\t\t\t\t<\/div>\n\t\t\t<\/div>                 \n\t\t\t\t\n\t\t\t\t<div class=\"six columns mobile-three space-bottom mobile-fullwidth\">\n\t\t\t\t<div class=\"row\">\n\t\t\t\t\t<div class=\"twelve columns pV0H5 gallery_colorbox\">\n\t\t\t\t\t\t<a class=\"gallery_2col image\" rel=\"gallery-408\"  href=\"https:\/\/www.maestral-camping.hr\/wp-content\/uploads\/2021\/03\/20190717_154435-1.jpg\" title=\"\u010ciringito Viganj\">\n\t\t\t\t\t\t\t\t\t\t\t<img src=\"https:\/\/www.maestral-camping.hr\/wp-content\/uploads\/2021\/03\/20190717_154435-1-400x250.jpg\" alt=\"\u010ciringito Viganj\" title=\"\u010ciringito Viganj\"\/>\n\t\t\t\t\t\t\t\t\t\t\t<\/a>\n\t\t\t\t\t<\/div>\n\t\t\t\t<\/div>\n\t\t\t<\/div>                 \n\t\t\t\t\n\t\t\t\t<div class=\"six columns mobile-three space-bottom mobile-fullwidth\">\n\t\t\t\t<div class=\"row\">\n\t\t\t\t\t<div class=\"twelve columns pV0H5 gallery_colorbox\">\n\t\t\t\t\t\t<a class=\"gallery_2col image\" rel=\"gallery-408\"  href=\"https:\/\/www.maestral-camping.hr\/wp-content\/uploads\/2021\/03\/20190810_173520.jpg\" title=\"\u010ciringito Viganj\">\n\t\t\t\t\t\t\t\t\t\t\t<img src=\"https:\/\/www.maestral-camping.hr\/wp-content\/uploads\/2021\/03\/20190810_173520-400x250.jpg\" alt=\"\u010ciringito Viganj\" title=\"\u010ciringito Viganj\"\/>\n\t\t\t\t\t\t\t\t\t\t\t<\/a>\n\t\t\t\t\t<\/div>\n\t\t\t\t<\/div>\n\t\t\t<\/div>                 \n\t\t\t\t\n\t\t\t\t<div class=\"six columns mobile-three space-bottom mobile-fullwidth\">\n\t\t\t\t<div class=\"row\">\n\t\t\t\t\t<div class=\"twelve columns pV0H5 gallery_colorbox\">\n\t\t\t\t\t\t<a class=\"gallery_2col image\" rel=\"gallery-408\"  href=\"https:\/\/www.maestral-camping.hr\/wp-content\/uploads\/2021\/03\/20200620_124700-scaled.jpg\" title=\"Maestral Viganj\">\n\t\t\t\t\t\t\t\t\t\t\t<img src=\"https:\/\/www.maestral-camping.hr\/wp-content\/uploads\/2021\/03\/20200620_124700-scaled-400x250.jpg\" alt=\"Maestral Viganj\" title=\"Maestral Viganj\"\/>\n\t\t\t\t\t\t\t\t\t\t\t<\/a>\n\t\t\t\t\t<\/div>\n\t\t\t\t<\/div>\n\t\t\t<\/div>                 \n\t\t\t\t\n\t\t\t\t<div class=\"six columns mobile-three space-bottom mobile-fullwidth\">\n\t\t\t\t<div class=\"row\">\n\t\t\t\t\t<div class=\"twelve columns pV0H5 gallery_colorbox\">\n\t\t\t\t\t\t<a class=\"gallery_2col image\" rel=\"gallery-408\"  href=\"https:\/\/www.maestral-camping.hr\/wp-content\/uploads\/2021\/03\/20200620_125055.jpg\" title=\"\u010ciringito Viganj\">\n\t\t\t\t\t\t\t\t\t\t\t<img src=\"https:\/\/www.maestral-camping.hr\/wp-content\/uploads\/2021\/03\/20200620_125055-400x250.jpg\" alt=\"\u010ciringito Viganj\" title=\"\u010ciringito Viganj\"\/>\n\t\t\t\t\t\t\t\t\t\t\t<\/a>\n\t\t\t\t\t<\/div>\n\t\t\t\t<\/div>\n\t\t\t<\/div>                 \n\t\t\t\t\n\t\t\t\t<div class=\"six columns mobile-three space-bottom mobile-fullwidth\">\n\t\t\t\t<div class=\"row\">\n\t\t\t\t\t<div class=\"twelve columns pV0H5 gallery_colorbox\">\n\t\t\t\t\t\t<a class=\"gallery_2col image\" rel=\"gallery-408\"  href=\"https:\/\/www.maestral-camping.hr\/wp-content\/uploads\/2021\/03\/20200620_175202.jpg\" title=\"Maestral Viganj\">\n\t\t\t\t\t\t\t\t\t\t\t<img src=\"https:\/\/www.maestral-camping.hr\/wp-content\/uploads\/2021\/03\/20200620_175202-400x250.jpg\" alt=\"Maestral Viganj\" title=\"Maestral Viganj\"\/>\n\t\t\t\t\t\t\t\t\t\t\t<\/a>\n\t\t\t\t\t<\/div>\n\t\t\t\t<\/div>\n\t\t\t<\/div>                 \n\t\t\t\t\n\t\t\n\n<\/div>            \n\n\n\n<div class=\"row gallery-space pV0H10\">\n\t\t\t\t<div class=\"six columns mobile-three space-bottom mobile-fullwidth\">\n\t\t\t\t<div class=\"row\">\n\t\t\t\t\t<div class=\"twelve columns pV0H5 gallery_colorbox\">\n\t\t\t\t\t\t<a class=\"gallery_2col image\" rel=\"gallery-448\"  href=\"https:\/\/www.maestral-camping.hr\/wp-content\/uploads\/2015\/11\/v01.jpg\" title=\"Viganj Surfing\">\n\t\t\t\t\t\t\t\t\t\t\t<img src=\"https:\/\/www.maestral-camping.hr\/wp-content\/uploads\/2015\/11\/v01-400x250.jpg\" alt=\"Viganj Surfing\" title=\"Viganj Surfing\"\/>\n\t\t\t\t\t\t\t\t\t\t\t<\/a>\n\t\t\t\t\t<\/div>\n\t\t\t\t<\/div>\n\t\t\t<\/div>                 \n\t\t\t\t\n\t\t\t\t<div class=\"six columns mobile-three space-bottom mobile-fullwidth\">\n\t\t\t\t<div class=\"row\">\n\t\t\t\t\t<div class=\"twelve columns pV0H5 gallery_colorbox\">\n\t\t\t\t\t\t<a class=\"gallery_2col image\" rel=\"gallery-448\"  href=\"https:\/\/www.maestral-camping.hr\/wp-content\/uploads\/2021\/03\/Viganj-3-Ive-Trojanovic.jpg\" title=\"Viganj by Ive Trojanovic\">\n\t\t\t\t\t\t\t\t\t\t\t<img src=\"https:\/\/www.maestral-camping.hr\/wp-content\/uploads\/2021\/03\/Viganj-3-Ive-Trojanovic-400x250.jpg\" alt=\"Viganj by Ive Trojanovic\" title=\"Viganj by Ive Trojanovic\"\/>\n\t\t\t\t\t\t\t\t\t\t\t<\/a>\n\t\t\t\t\t<\/div>\n\t\t\t\t<\/div>\n\t\t\t<\/div>                 \n\t\t\t\t\n\t\t\t\t<div class=\"six columns mobile-three space-bottom mobile-fullwidth\">\n\t\t\t\t<div class=\"row\">\n\t\t\t\t\t<div class=\"twelve columns pV0H5 gallery_colorbox\">\n\t\t\t\t\t\t<a class=\"gallery_2col image\" rel=\"gallery-448\"  href=\"https:\/\/www.maestral-camping.hr\/wp-content\/uploads\/2021\/03\/Viganj-1-Ive-Trojanovic.jpg\" title=\"Viganj by Ive Trojanovic\">\n\t\t\t\t\t\t\t\t\t\t\t<img src=\"https:\/\/www.maestral-camping.hr\/wp-content\/uploads\/2021\/03\/Viganj-1-Ive-Trojanovic-400x250.jpg\" alt=\"Viganj by Ive Trojanovic\" title=\"Viganj by Ive Trojanovic\"\/>\n\t\t\t\t\t\t\t\t\t\t\t<\/a>\n\t\t\t\t\t<\/div>\n\t\t\t\t<\/div>\n\t\t\t<\/div>                 \n\t\t\t\t\n\t\t\t\t<div class=\"six columns mobile-three space-bottom mobile-fullwidth\">\n\t\t\t\t<div class=\"row\">\n\t\t\t\t\t<div class=\"twelve columns pV0H5 gallery_colorbox\">\n\t\t\t\t\t\t<a class=\"gallery_2col image\" rel=\"gallery-448\"  href=\"https:\/\/www.maestral-camping.hr\/wp-content\/uploads\/2021\/03\/Photo-12-08-2020-18-23-08.jpg\" title=\"Ponta Beach Viganj\">\n\t\t\t\t\t\t\t\t\t\t\t<img src=\"https:\/\/www.maestral-camping.hr\/wp-content\/uploads\/2021\/03\/Photo-12-08-2020-18-23-08-400x250.jpg\" alt=\"Ponta Beach Viganj\" title=\"Ponta Beach Viganj\"\/>\n\t\t\t\t\t\t\t\t\t\t\t<\/a>\n\t\t\t\t\t<\/div>\n\t\t\t\t<\/div>\n\t\t\t<\/div>                 \n\t\t\t\t\n\t\t\t\t<div class=\"six columns mobile-three space-bottom mobile-fullwidth\">\n\t\t\t\t<div class=\"row\">\n\t\t\t\t\t<div class=\"twelve columns pV0H5 gallery_colorbox\">\n\t\t\t\t\t\t<a class=\"gallery_2col image\" rel=\"gallery-448\"  href=\"https:\/\/www.maestral-camping.hr\/wp-content\/uploads\/2021\/03\/Photo-12-08-2020-18-23-16-1.jpg\" title=\"Ponta Beach Viganj\">\n\t\t\t\t\t\t\t\t\t\t\t<img src=\"https:\/\/www.maestral-camping.hr\/wp-content\/uploads\/2021\/03\/Photo-12-08-2020-18-23-16-1-400x250.jpg\" alt=\"Ponta Beach Viganj\" title=\"Ponta Beach Viganj\"\/>\n\t\t\t\t\t\t\t\t\t\t\t<\/a>\n\t\t\t\t\t<\/div>\n\t\t\t\t<\/div>\n\t\t\t<\/div>                 \n\t\t\t\t\n\t\t\t\t<div class=\"six columns mobile-three space-bottom mobile-fullwidth\">\n\t\t\t\t<div class=\"row\">\n\t\t\t\t\t<div class=\"twelve columns pV0H5 gallery_colorbox\">\n\t\t\t\t\t\t<a class=\"gallery_2col image\" rel=\"gallery-448\"  href=\"https:\/\/www.maestral-camping.hr\/wp-content\/uploads\/2021\/03\/Photo-12-08-2020-18-20-48.jpg\" title=\"Ponta Beach Viganj\">\n\t\t\t\t\t\t\t\t\t\t\t<img src=\"https:\/\/www.maestral-camping.hr\/wp-content\/uploads\/2021\/03\/Photo-12-08-2020-18-20-48-400x250.jpg\" alt=\"Ponta Beach Viganj\" title=\"Ponta Beach Viganj\"\/>\n\t\t\t\t\t\t\t\t\t\t\t<\/a>\n\t\t\t\t\t<\/div>\n\t\t\t\t<\/div>\n\t\t\t<\/div>                 \n\t\t\t\t\n\t\t\n\n<\/div>            \n\n\n\n<div class=\"row gallery-space pV0H10\">\n\t\t\t\t<div class=\"six columns mobile-three space-bottom mobile-fullwidth\">\n\t\t\t\t<div class=\"row\">\n\t\t\t\t\t<div class=\"twelve columns pV0H5 gallery_colorbox\">\n\t\t\t\t\t\t<a class=\"gallery_2col image\" rel=\"gallery-659\"  href=\"https:\/\/www.maestral-camping.hr\/wp-content\/uploads\/2015\/11\/VIGANJ1-1400-Logo.jpg\" title=\"Viganj Peljesac\">\n\t\t\t\t\t\t\t\t\t\t\t<img src=\"https:\/\/www.maestral-camping.hr\/wp-content\/uploads\/2015\/11\/VIGANJ1-1400-Logo-400x250.jpg\" alt=\"Viganj Peljesac\" title=\"Viganj Peljesac\"\/>\n\t\t\t\t\t\t\t\t\t\t\t<\/a>\n\t\t\t\t\t<\/div>\n\t\t\t\t<\/div>\n\t\t\t<\/div>                 \n\t\t\t\t\n\t\t\t\t<div class=\"six columns mobile-three space-bottom mobile-fullwidth\">\n\t\t\t\t<div class=\"row\">\n\t\t\t\t\t<div class=\"twelve columns pV0H5 gallery_colorbox\">\n\t\t\t\t\t\t<a class=\"gallery_2col image\" rel=\"gallery-659\"  href=\"https:\/\/www.maestral-camping.hr\/wp-content\/uploads\/2015\/11\/VIGANJ2-1400-Logo.jpg\" title=\"Viganj Peljesac\">\n\t\t\t\t\t\t\t\t\t\t\t<img src=\"https:\/\/www.maestral-camping.hr\/wp-content\/uploads\/2015\/11\/VIGANJ2-1400-Logo-400x250.jpg\" alt=\"Viganj Peljesac\" title=\"Viganj Peljesac\"\/>\n\t\t\t\t\t\t\t\t\t\t\t<\/a>\n\t\t\t\t\t<\/div>\n\t\t\t\t<\/div>\n\t\t\t<\/div>                 \n\t\t\t\t\n\t\t\t\t<div class=\"six columns mobile-three space-bottom mobile-fullwidth\">\n\t\t\t\t<div class=\"row\">\n\t\t\t\t\t<div class=\"twelve columns pV0H5 gallery_colorbox\">\n\t\t\t\t\t\t<a class=\"gallery_2col image\" rel=\"gallery-659\"  href=\"https:\/\/www.maestral-camping.hr\/wp-content\/uploads\/2015\/11\/VIGANJ4-1400-Logo.jpg\" title=\"Viganj Peljesac\">\n\t\t\t\t\t\t\t\t\t\t\t<img src=\"https:\/\/www.maestral-camping.hr\/wp-content\/uploads\/2015\/11\/VIGANJ4-1400-Logo-400x250.jpg\" alt=\"Viganj Peljesac\" title=\"Viganj Peljesac\"\/>\n\t\t\t\t\t\t\t\t\t\t\t<\/a>\n\t\t\t\t\t<\/div>\n\t\t\t\t<\/div>\n\t\t\t<\/div>                 \n\t\t\t\t\n\t\t\t\t<div class=\"six columns mobile-three space-bottom mobile-fullwidth\">\n\t\t\t\t<div class=\"row\">\n\t\t\t\t\t<div class=\"twelve columns pV0H5 gallery_colorbox\">\n\t\t\t\t\t\t<a class=\"gallery_2col image\" rel=\"gallery-659\"  href=\"https:\/\/www.maestral-camping.hr\/wp-content\/uploads\/2015\/11\/VIGANJ5-1400-Logo.jpg\" title=\"Viganj Peljesac\">\n\t\t\t\t\t\t\t\t\t\t\t<img src=\"https:\/\/www.maestral-camping.hr\/wp-content\/uploads\/2015\/11\/VIGANJ5-1400-Logo-400x250.jpg\" alt=\"Viganj Peljesac\" title=\"Viganj Peljesac\"\/>\n\t\t\t\t\t\t\t\t\t\t\t<\/a>\n\t\t\t\t\t<\/div>\n\t\t\t\t<\/div>\n\t\t\t<\/div>                 \n\t\t\t\t\n\t\t\t\t<div class=\"six columns mobile-three space-bottom mobile-fullwidth\">\n\t\t\t\t<div class=\"row\">\n\t\t\t\t\t<div class=\"twelve columns pV0H5 gallery_colorbox\">\n\t\t\t\t\t\t<a class=\"gallery_2col image\" rel=\"gallery-659\"  href=\"https:\/\/www.maestral-camping.hr\/wp-content\/uploads\/2015\/11\/VIGANJ6-1400-Logo.jpg\" title=\"Viganj Peljesac\">\n\t\t\t\t\t\t\t\t\t\t\t<img src=\"https:\/\/www.maestral-camping.hr\/wp-content\/uploads\/2015\/11\/VIGANJ6-1400-Logo-400x250.jpg\" alt=\"Viganj Peljesac\" title=\"Viganj Peljesac\"\/>\n\t\t\t\t\t\t\t\t\t\t\t<\/a>\n\t\t\t\t\t<\/div>\n\t\t\t\t<\/div>\n\t\t\t<\/div>                 \n\t\t\t\t\n\t\t\t\t<div class=\"six columns mobile-three space-bottom mobile-fullwidth\">\n\t\t\t\t<div class=\"row\">\n\t\t\t\t\t<div class=\"twelve columns pV0H5 gallery_colorbox\">\n\t\t\t\t\t\t<a class=\"gallery_2col image\" rel=\"gallery-659\"  href=\"https:\/\/www.maestral-camping.hr\/wp-content\/uploads\/2015\/11\/VIGANJ7-1400-Logo.jpg\" title=\"Viganj Peljesac\">\n\t\t\t\t\t\t\t\t\t\t\t<img src=\"https:\/\/www.maestral-camping.hr\/wp-content\/uploads\/2015\/11\/VIGANJ7-1400-Logo-400x250.jpg\" alt=\"Viganj Peljesac\" title=\"Viganj Peljesac\"\/>\n\t\t\t\t\t\t\t\t\t\t\t<\/a>\n\t\t\t\t\t<\/div>\n\t\t\t\t<\/div>\n\t\t\t<\/div>                 \n\t\t\t\t\n\t\t\n\n<\/div>            \n\n\n","protected":false},"excerpt":{"rendered":"<p>An der s\u00fcdlichen K\u00fcste der Halbinsel Peljesac befindet sich Viganj, ein Ort mit der gro\u00dfen Seetradition, sowie mit der touristischen und gastgewerblichen Tradition. Bereits im Jahr 1936 wurde in Viganj [&hellip;]<\/p>\n","protected":false},"author":1,"featured_media":0,"parent":0,"menu_order":0,"comment_status":"closed","ping_status":"closed","template":"","meta":[],"_links":{"self":[{"href":"https:\/\/www.maestral-camping.hr\/de\/wp-json\/wp\/v2\/pages\/130"}],"collection":[{"href":"https:\/\/www.maestral-camping.hr\/de\/wp-json\/wp\/v2\/pages"}],"about":[{"href":"https:\/\/www.maestral-camping.hr\/de\/wp-json\/wp\/v2\/types\/page"}],"author":[{"embeddable":true,"href":"https:\/\/www.maestral-camping.hr\/de\/wp-json\/wp\/v2\/users\/1"}],"replies":[{"embeddable":true,"href":"https:\/\/www.maestral-camping.hr\/de\/wp-json\/wp\/v2\/comments?post=130"}],"version-history":[{"count":7,"href":"https:\/\/www.maestral-camping.hr\/de\/wp-json\/wp\/v2\/pages\/130\/revisions"}],"predecessor-version":[{"id":1947,"href":"https:\/\/www.maestral-camping.hr\/de\/wp-json\/wp\/v2\/pages\/130\/revisions\/1947"}],"wp:attachment":[{"href":"https:\/\/www.maestral-camping.hr\/de\/wp-json\/wp\/v2\/media?parent=130"}],"curies":[{"name":"wp","href":"https:\/\/api.w.org\/{rel}","templated":true}]}}