{"id":554,"date":"2015-11-12T08:51:51","date_gmt":"2015-11-12T08:51:51","guid":{"rendered":"http:\/\/www.maestral-camping.hr\/cs\/prices\/"},"modified":"2024-05-04T12:19:37","modified_gmt":"2024-05-04T12:19:37","slug":"ceny","status":"publish","type":"page","link":"https:\/\/www.maestral-camping.hr\/cs\/ceny\/","title":{"rendered":"Ceny"},"content":{"rendered":"<p><strong>Rezervace<\/strong><\/p>\n<p><a href=\"https:\/\/www.maestral-camping.hr\/cs\/faq\/\"><strong>P\u0159ed odesl\u00e1n\u00edm e-mailu si pros\u00edm p\u0159e\u010dt\u011bte na\u0161e &#8222;Ot\u00e1zky &amp; Domovn\u00ed \u0159\u00e1d&#8220;.<\/strong><\/a><\/p>\n<p>Pro rezervaci a dal\u0161\u00ed ot\u00e1zky t\u00fdkaj\u00edc\u00ed se kempov\u00e1n\u00ed ve Maestral n\u00e1s pros\u00edm kontaktujte na e-mailu <a href=\"mailto:info@maestral-camping.hr\">info@maestral-camping.hr<\/a><\/p>\n<p><strong>Slevy<\/strong><\/p>\n<ul>\n<li>pro pobyty od 10 do 30 dn\u00ed poskytujeme slevu 10%<\/li>\n<li>pro pobyty od 31 do 60 dn\u00ed poskytujeme slevu 15%<\/li>\n<li>pro pobyty od 61 do 120 dn\u00ed poskytujeme slevu 20%<\/li>\n<li>pro pobyty od 121 do 180 dn\u00ed poskytujeme slevu 25%<\/li>\n<li>slevy nejsou platn\u00e9 pro turistick\u00e9 poplatky<\/li>\n<\/ul>\n\n<table id=\"tablepress-9\" class=\"tablepress tablepress-id-9\">\n<thead>\n<tr class=\"row-1 odd\">\n\t<th class=\"column-1\">CEN\u00cdK<\/th><th class=\"column-2\">01.05. - 30.06.<br \/>\n01.09. - 31.10.<\/th><th class=\"column-3\">01.07. - 31.08.<\/th>\n<\/tr>\n<\/thead>\n<tbody class=\"row-hover\">\n<tr class=\"row-2 even\">\n\t<td class=\"column-1\">ZA OSOBU <\/td><td class=\"column-2\">6.90 \u20ac<\/td><td class=\"column-3\">8.90 \u20ac<\/td>\n<\/tr>\n<tr class=\"row-3 odd\">\n\t<td class=\"column-1\">D\u00cdT\u011a (<12 LET)<\/td><td class=\"column-2\">4.60 \u20ac<\/td><td class=\"column-3\">5.90 \u20ac<\/td>\n<\/tr>\n<tr class=\"row-4 even\">\n\t<td class=\"column-1\">STAN<\/td><td class=\"column-2\">6.90 \u20ac<\/td><td class=\"column-3\">8.90 \u20ac<\/td>\n<\/tr>\n<tr class=\"row-5 odd\">\n\t<td class=\"column-1\">MAL\u00dd STAN<\/td><td class=\"column-2\">5.90 \u20ac<\/td><td class=\"column-3\">7.40 \u20ac<\/td>\n<\/tr>\n<tr class=\"row-6 even\">\n\t<td class=\"column-1\">KARAVAN<\/td><td class=\"column-2\">7.90 \u20ac<\/td><td class=\"column-3\">9.90 \u20ac<\/td>\n<\/tr>\n<tr class=\"row-7 odd\">\n\t<td class=\"column-1\">MAL\u00c9 KARAVAN <\/td><td class=\"column-2\">4.90 \u20ac<\/td><td class=\"column-3\">6.40 \u20ac<\/td>\n<\/tr>\n<tr class=\"row-8 even\">\n\t<td class=\"column-1\">AUTO<\/td><td class=\"column-2\">6.90 \u20ac<\/td><td class=\"column-3\">8.90 \u20ac<\/td>\n<\/tr>\n<tr class=\"row-9 odd\">\n\t<td class=\"column-1\">KOMBI<\/td><td class=\"column-2\">8.90 \u20ac<\/td><td class=\"column-3\">10.90 \u20ac<\/td>\n<\/tr>\n<tr class=\"row-10 even\">\n\t<td class=\"column-1\">CAMPER<\/td><td class=\"column-2\">9.90 \u20ac<\/td><td class=\"column-3\">12.40 \u20ac<\/td>\n<\/tr>\n<tr class=\"row-11 odd\">\n\t<td class=\"column-1\">MOTOCYKL<\/td><td class=\"column-2\">4.40 \u20ac<\/td><td class=\"column-3\">5.90 \u20ac<\/td>\n<\/tr>\n<tr class=\"row-12 even\">\n\t<td class=\"column-1\">SPAC\u00cd PYTEL<\/td><td class=\"column-2\">3.20 \u20ac<\/td><td class=\"column-3\">3.90 \u20ac<\/td>\n<\/tr>\n<tr class=\"row-13 odd\">\n\t<td class=\"column-1\">LOD\u00cc ANCHORAGE<\/td><td class=\"column-2\">5.40 \u20ac<\/td><td class=\"column-3\">6.90 \u20ac<\/td>\n<\/tr>\n<tr class=\"row-14 even\">\n\t<td class=\"column-1\">PARCELA (Z\u00d3NA 1)<\/td><td class=\"column-2\">6.90 \u20ac<\/td><td class=\"column-3\">7.90 \u20ac<\/td>\n<\/tr>\n<tr class=\"row-15 odd\">\n\t<td class=\"column-1\">PARCELA (Z\u00d3NA 2)<\/td><td class=\"column-2\">5.90 \u20ac<\/td><td class=\"column-3\">6.90 \u20ac<\/td>\n<\/tr>\n<tr class=\"row-16 even\">\n\t<td class=\"column-1\">PARCELA (Z\u00d3NA 3)<\/td><td class=\"column-2\">4.90 \u20ac<\/td><td class=\"column-3\">5.90 \u20ac<\/td>\n<\/tr>\n<tr class=\"row-17 odd\">\n\t<td class=\"column-1\">PES<\/td><td class=\"column-2\">BEZPLATN\u011a<\/td><td class=\"column-3\">BEZPLATN\u011a<\/td>\n<\/tr>\n<tr class=\"row-18 even\">\n\t<td class=\"column-1\">BEZDR\u00c1TOV\u00dd INTERNET<\/td><td class=\"column-2\">BEZPLATN\u011a<\/td><td class=\"column-3\">BEZPLATN\u011a<\/td>\n<\/tr>\n<tr class=\"row-19 odd\">\n\t<td class=\"column-1\">ELEKT\u0158INA<\/td><td class=\"column-2\">BEZPLATN\u011a<\/td><td class=\"column-3\">BEZPLATN\u011a<\/td>\n<\/tr>\n<\/tbody>\n<\/table>\n<!-- #tablepress-9 from cache -->\n\n<table id=\"tablepress-10\" class=\"tablepress tablepress-id-10\">\n<thead>\n<tr class=\"row-1 odd\">\n\t<th class=\"column-1\">POBYTOV\u00c1 TAXA<\/th><th class=\"column-2\">01.01. - 31.03.<br \/>\n01.10. - 31.12.<\/th><th class=\"column-3\">01.04. - 30.09.<\/th>\n<\/tr>\n<\/thead>\n<tbody class=\"row-hover\">\n<tr class=\"row-2 even\">\n\t<td class=\"column-1\">POBYTOV\u00c1 TAXA (> 18 LET)<\/td><td class=\"column-2\">1.10 \u20ac<\/td><td class=\"column-3\">1.70 \u20ac<\/td>\n<\/tr>\n<tr class=\"row-3 odd\">\n\t<td class=\"column-1\">POBYTOV\u00c1 TAXA (12-18 LET)<\/td><td class=\"column-2\">0.55 \u20ac<\/td><td class=\"column-3\">0.85 \u20ac<\/td>\n<\/tr>\n<tr class=\"row-4 even\">\n\t<td class=\"column-1\">POBYTOV\u00c1 TAXA (< 12 LET)<\/td><td class=\"column-2\">0.00 \u20ac<\/td><td class=\"column-3\">0.00 \u20ac<\/td>\n<\/tr>\n<\/tbody>\n<\/table>\n<!-- #tablepress-10 from cache -->\n<p><strong>Dal\u0161\u00ed<\/strong><\/p>\n<ul>\n<li>Pokud p\u0159esuneme p\u0159\u00edv\u011bs v kempu (jednor\u00e1zov\u011b) &#8211; 50 EUR<\/li>\n<\/ul>\n<p><strong>Vlastnictv\u00ed a \u0159\u00edzen\u00ed;<\/strong><\/p>\n<p>Maestral u.t.o.<br \/>\nViganj 1b<br \/>\n20267 Kuciste<br \/>\npoloostrov Pelje\u0161ac<br \/>\nChorvatsko<\/p>\n<p>IBAN: HR7624070001100598127<br \/>\nOIB: 06038166690<\/p>\n<p>+385 98 1969 847<br \/>\n<a href=\"http:\/\/www.maestral-camping.hr\">www.maestral-camping.hr<\/a><br \/>\n<a href=\"mailto:info@maestral-camping.hr\">info@maestral-camping.hr<\/a><\/p>\n","protected":false},"excerpt":{"rendered":"<p>Rezervace P\u0159ed odesl\u00e1n\u00edm e-mailu si pros\u00edm p\u0159e\u010dt\u011bte na\u0161e &#8222;Ot\u00e1zky &amp; Domovn\u00ed \u0159\u00e1d&#8220;. Pro rezervaci a dal\u0161\u00ed ot\u00e1zky t\u00fdkaj\u00edc\u00ed se kempov\u00e1n\u00ed ve Maestral n\u00e1s pros\u00edm kontaktujte na e-mailu info@maestral-camping.hr Slevy pro [&hellip;]<\/p>\n","protected":false},"author":1,"featured_media":0,"parent":0,"menu_order":0,"comment_status":"closed","ping_status":"closed","template":"","meta":[],"_links":{"self":[{"href":"https:\/\/www.maestral-camping.hr\/cs\/wp-json\/wp\/v2\/pages\/554"}],"collection":[{"href":"https:\/\/www.maestral-camping.hr\/cs\/wp-json\/wp\/v2\/pages"}],"about":[{"href":"https:\/\/www.maestral-camping.hr\/cs\/wp-json\/wp\/v2\/types\/page"}],"author":[{"embeddable":true,"href":"https:\/\/www.maestral-camping.hr\/cs\/wp-json\/wp\/v2\/users\/1"}],"replies":[{"embeddable":true,"href":"https:\/\/www.maestral-camping.hr\/cs\/wp-json\/wp\/v2\/comments?post=554"}],"version-history":[{"count":22,"href":"https:\/\/www.maestral-camping.hr\/cs\/wp-json\/wp\/v2\/pages\/554\/revisions"}],"predecessor-version":[{"id":2086,"href":"https:\/\/www.maestral-camping.hr\/cs\/wp-json\/wp\/v2\/pages\/554\/revisions\/2086"}],"wp:attachment":[{"href":"https:\/\/www.maestral-camping.hr\/cs\/wp-json\/wp\/v2\/media?parent=554"}],"curies":[{"name":"wp","href":"https:\/\/api.w.org\/{rel}","templated":true}]}}