{"id":547,"date":"2015-11-12T08:51:21","date_gmt":"2015-11-12T08:51:21","guid":{"rendered":"http:\/\/www.maestral-camping.hr\/cs\/viganj\/"},"modified":"2024-04-03T01:47:19","modified_gmt":"2024-04-03T01:47:19","slug":"viganj","status":"publish","type":"page","link":"https:\/\/www.maestral-camping.hr\/cs\/viganj\/","title":{"rendered":"Viganj"},"content":{"rendered":"<p>Na ji\u017en\u00edm pob\u0159e\u017e\u00ed poloostrova Pelje\u0161ac se nach\u00e1z\u00ed Viganj, m\u00edsto bohat\u00e9 na n\u00e1mo\u0159n\u00ed, turistick\u00e9 a pohostinsk\u00e9 tradice. V roce 1936 byla ve Viganji zalo\u017eena turistick\u00e1 spole\u010dnost, prvn\u00ed v t\u00e9to \u010d\u00e1sti Jadranu. Nach\u00e1z\u00ed se ve velk\u00e9 z\u00e1toce z\u00e1padn\u011b od Cape Saint Liberan, na okraji \u00farodn\u00e9 fly\u0161ov\u00e9 z\u00f3ny. Ekonomika je zalo\u017eena na cestovn\u00edm ruchu, rybolovu a zem\u011bd\u011blstv\u00ed. Severov\u00fdchodn\u011b od Viganje se nach\u00e1z\u00ed horsk\u00e9 st\u0159edisko St. Ilija (961 m).<\/p>\n<p>Dnes je zde kr\u00e1sn\u00fd sad a botanick\u00e1 zahrada, chr\u00e1n\u011bn\u00e1 p\u0159ed severn\u00edmi v\u011btry a orientovan\u00e1 na st\u00e1le tepl\u00fd jih. Exotick\u00e9 ovocn\u00e9 stromy a rostliny ze sv\u00fdch cest po sv\u011btov\u00fdch mo\u0159\u00edch proslavily mo\u0159eplavce Pelje\u0161ace. Viganj disponuje mnoha domy a vilami k pron\u00e1jmu a turist\u00e9 si u\u017e\u00edvaj\u00ed p\u0159edev\u0161\u00edm dom\u00e1c\u00ed produkty, kter\u00e9 nab\u00edzej\u00ed m\u00edstn\u00ed obyvatel\u00e9. Plavce pot\u011b\u0161\u00ed velk\u00e1 obl\u00e1zkov\u00e1 pl\u00e1\u017e a borov\u00e9 h\u00e1je. Nad Viganjem se nach\u00e1zej\u00ed malebn\u00e9 vesni\u010dky Basina, Kovacevici, Kraljevica Selo, Sapetino Selo, Podac a Dol. Na vrcholu Sveti Ivan, kde le\u017e\u00ed cesta star\u00fd kostel a zbytky d\u011blost\u0159eleck\u00e9ho postaven\u00ed rakousk\u00e9ho n\u00e1mo\u0159nictva, kon\u010d\u00edc\u00ed Pelje\u0161acsk\u00fd kan\u00e1l. Nejlep\u0161\u00ed podm\u00ednky jsou pro placht\u011bn\u00ed, surfov\u00e1n\u00ed a turistiku.<\/p>\n<p>Viganj (330 obyvatel) se nach\u00e1z\u00ed 7 km z\u00e1padn\u011b od Orebi\u0107e, nejv\u011bt\u0161\u00edho m\u011bsta na poloostrov\u011b. Je to jen 15 minut lod\u00ed od m\u011bsta Kor\u010dula na stejnojmenn\u00e9m ostrov\u011b. Vzd\u00e1lenost od Dubrovn\u00edku, nejkr\u00e1sn\u011bj\u0161\u00edho m\u011bsta v Chorvatsku, je 128 km, s n\u00edm\u017e je Viganj spojen autobusem. Na region\u00e1ln\u00ed silnici vedouc\u00ed pod\u00e9l poloostrova.<\/p>\n<p>Viganj je os\u00eddlen v prav\u011bku a starov\u011bku. Farn\u00ed kostel sv. Michala byl postaven v obdob\u00ed gotiky a v roce 1760 byl roz\u0161\u00ed\u0159en. Dominik\u00e1nsk\u00fd kl\u00e1\u0161ter a kostel postavil v roce 1671 rejda\u0159 Marko Krstelj. Kostel je jedna budova a na hlavn\u00edm olt\u00e1\u0159i je socha Panny Marie. V kostele je d\u0159ev\u011bn\u00e1 socha Madony s d\u00edt\u011btem a renesan\u010dn\u00ed busta sv\u011btice. Vedle kostela je k\u0159\u00ed\u017eov\u00e1 chodba s podloub\u00edm.<\/p>\n<p>Nedaleko Viganje (10 minut autem) byla v roce 1999 objevena \u201eSpila Nakovana\u201c. Archeologick\u00e9 n\u00e1lezy v jeskyni a jej\u00edm okol\u00ed poch\u00e1zej\u00ed z obdob\u00ed ran\u00e9ho neolitu (asi 6000 p\u0159. n. l.) a\u017e do konce mlad\u0161\u00ed doby \u017eelezn\u00e9 (1. stolet\u00ed p\u0159. n. l. ). Stal se celosv\u011btovou senzac\u00ed v odborn\u00fdch kruz\u00edch a tak\u00e9 dom\u00e1c\u00ed ve\u0159ejnosti. Jde p\u0159ev\u00e1\u017en\u011b o keramick\u00e9 n\u00e1dob\u00ed, mezi nimi\u017e p\u0159eva\u017euj\u00ed jemn\u00e9 pokrmy k pit\u00ed, kter\u00e9 se dov\u00e1\u017e\u00ed p\u0159edev\u0161\u00edm z \u0158ecka a \u0159eck\u00fdch koloni\u00ed v ji\u017en\u00ed It\u00e1lii a na st\u0159edodalmatsk\u00fdch ostrovech. V jeskyni jsou soust\u0159ed\u011bny osam\u011bl\u00e9 stalagmity (pravd\u011bpodobn\u011b p\u0159ipom\u00ednaj\u00edc\u00ed falus), kter\u00e9 dominuj\u00ed prostoru hlavn\u00ed jeskynn\u00ed s\u00edn\u011b.<\/p>\n\n<div class=\"row gallery-space pV0H10\">\n\t\t\t\t<div class=\"six columns mobile-three space-bottom mobile-fullwidth\">\n\t\t\t\t<div class=\"row\">\n\t\t\t\t\t<div class=\"twelve columns pV0H5 gallery_colorbox\">\n\t\t\t\t\t\t<a class=\"gallery_2col image\" rel=\"gallery-1726\"  href=\"https:\/\/www.maestral-camping.hr\/wp-content\/uploads\/2022\/09\/DJI_0734dz.jpg\" title=\"DJI_0734dz\">\n\t\t\t\t\t\t\t\t\t\t\t<img src=\"https:\/\/www.maestral-camping.hr\/wp-content\/uploads\/2022\/09\/DJI_0734dz-400x250.jpg\" alt=\"DJI_0734dz\" title=\"DJI_0734dz\"\/>\n\t\t\t\t\t\t\t\t\t\t\t<\/a>\n\t\t\t\t\t<\/div>\n\t\t\t\t<\/div>\n\t\t\t<\/div>                 \n\t\t\t\t\n\t\t\t\t<div class=\"six columns mobile-three space-bottom mobile-fullwidth\">\n\t\t\t\t<div class=\"row\">\n\t\t\t\t\t<div class=\"twelve columns pV0H5 gallery_colorbox\">\n\t\t\t\t\t\t<a class=\"gallery_2col image\" rel=\"gallery-1726\"  href=\"https:\/\/www.maestral-camping.hr\/wp-content\/uploads\/2022\/09\/DJI_0741dz-scaled.jpg\" title=\"default\">\n\t\t\t\t\t\t\t\t\t\t\t<img src=\"https:\/\/www.maestral-camping.hr\/wp-content\/uploads\/2022\/09\/DJI_0741dz-scaled-400x250.jpg\" alt=\"default\" title=\"default\"\/>\n\t\t\t\t\t\t\t\t\t\t\t<\/a>\n\t\t\t\t\t<\/div>\n\t\t\t\t<\/div>\n\t\t\t<\/div>                 \n\t\t\t\t\n\t\t\t\t<div class=\"six columns mobile-three space-bottom mobile-fullwidth\">\n\t\t\t\t<div class=\"row\">\n\t\t\t\t\t<div class=\"twelve columns pV0H5 gallery_colorbox\">\n\t\t\t\t\t\t<a class=\"gallery_2col image\" rel=\"gallery-1726\"  href=\"https:\/\/www.maestral-camping.hr\/wp-content\/uploads\/2022\/09\/DJI_0747dz.jpg\" title=\"DJI_0747dz\">\n\t\t\t\t\t\t\t\t\t\t\t<img src=\"https:\/\/www.maestral-camping.hr\/wp-content\/uploads\/2022\/09\/DJI_0747dz-400x250.jpg\" alt=\"DJI_0747dz\" title=\"DJI_0747dz\"\/>\n\t\t\t\t\t\t\t\t\t\t\t<\/a>\n\t\t\t\t\t<\/div>\n\t\t\t\t<\/div>\n\t\t\t<\/div>                 \n\t\t\t\t\n\t\t\t\t<div class=\"six columns mobile-three space-bottom mobile-fullwidth\">\n\t\t\t\t<div class=\"row\">\n\t\t\t\t\t<div class=\"twelve columns pV0H5 gallery_colorbox\">\n\t\t\t\t\t\t<a class=\"gallery_2col image\" rel=\"gallery-1726\"  href=\"https:\/\/www.maestral-camping.hr\/wp-content\/uploads\/2022\/09\/DJI_0758dz.jpg\" title=\"DJI_0758dz\">\n\t\t\t\t\t\t\t\t\t\t\t<img src=\"https:\/\/www.maestral-camping.hr\/wp-content\/uploads\/2022\/09\/DJI_0758dz-400x250.jpg\" alt=\"DJI_0758dz\" title=\"DJI_0758dz\"\/>\n\t\t\t\t\t\t\t\t\t\t\t<\/a>\n\t\t\t\t\t<\/div>\n\t\t\t\t<\/div>\n\t\t\t<\/div>                 \n\t\t\t\t\n\t\t\t\t<div class=\"six columns mobile-three space-bottom mobile-fullwidth\">\n\t\t\t\t<div class=\"row\">\n\t\t\t\t\t<div class=\"twelve columns pV0H5 gallery_colorbox\">\n\t\t\t\t\t\t<a class=\"gallery_2col image\" rel=\"gallery-1726\"  href=\"https:\/\/www.maestral-camping.hr\/wp-content\/uploads\/2022\/09\/DJI_0760dz-scaled.jpg\" title=\"default\">\n\t\t\t\t\t\t\t\t\t\t\t<img src=\"https:\/\/www.maestral-camping.hr\/wp-content\/uploads\/2022\/09\/DJI_0760dz-scaled-400x250.jpg\" alt=\"default\" title=\"default\"\/>\n\t\t\t\t\t\t\t\t\t\t\t<\/a>\n\t\t\t\t\t<\/div>\n\t\t\t\t<\/div>\n\t\t\t<\/div>                 \n\t\t\t\t\n\t\t\t\t<div class=\"six columns mobile-three space-bottom mobile-fullwidth\">\n\t\t\t\t<div class=\"row\">\n\t\t\t\t\t<div class=\"twelve columns pV0H5 gallery_colorbox\">\n\t\t\t\t\t\t<a class=\"gallery_2col image\" rel=\"gallery-1726\"  href=\"https:\/\/www.maestral-camping.hr\/wp-content\/uploads\/2022\/09\/DJI_0765dz-scaled.jpg\" title=\"default\">\n\t\t\t\t\t\t\t\t\t\t\t<img src=\"https:\/\/www.maestral-camping.hr\/wp-content\/uploads\/2022\/09\/DJI_0765dz-scaled-400x250.jpg\" alt=\"default\" title=\"default\"\/>\n\t\t\t\t\t\t\t\t\t\t\t<\/a>\n\t\t\t\t\t<\/div>\n\t\t\t\t<\/div>\n\t\t\t<\/div>                 \n\t\t\t\t\n\t\t\n\n<\/div>            \n\n\n\n<div class=\"row gallery-space pV0H10\">\n\t\t\t\t<div class=\"six columns mobile-three space-bottom mobile-fullwidth\">\n\t\t\t\t<div class=\"row\">\n\t\t\t\t\t<div class=\"twelve columns pV0H5 gallery_colorbox\">\n\t\t\t\t\t\t<a class=\"gallery_2col image\" rel=\"gallery-408\"  href=\"https:\/\/www.maestral-camping.hr\/wp-content\/uploads\/2015\/11\/slider11.jpg\" title=\"\">\n\t\t\t\t\t\t\t\t\t\t\t<img src=\"https:\/\/www.maestral-camping.hr\/wp-content\/uploads\/2015\/11\/slider11-400x250.jpg\" alt=\"\" title=\"\"\/>\n\t\t\t\t\t\t\t\t\t\t\t<\/a>\n\t\t\t\t\t<\/div>\n\t\t\t\t<\/div>\n\t\t\t<\/div>                 \n\t\t\t\t\n\t\t\t\t<div class=\"six columns mobile-three space-bottom mobile-fullwidth\">\n\t\t\t\t<div class=\"row\">\n\t\t\t\t\t<div class=\"twelve columns pV0H5 gallery_colorbox\">\n\t\t\t\t\t\t<a class=\"gallery_2col image\" rel=\"gallery-408\"  href=\"https:\/\/www.maestral-camping.hr\/wp-content\/uploads\/2015\/11\/b02.jpg\" title=\"\u010ciringito Viganj\">\n\t\t\t\t\t\t\t\t\t\t\t<img src=\"https:\/\/www.maestral-camping.hr\/wp-content\/uploads\/2015\/11\/b02-400x250.jpg\" alt=\"\u010ciringito Viganj\" title=\"\u010ciringito Viganj\"\/>\n\t\t\t\t\t\t\t\t\t\t\t<\/a>\n\t\t\t\t\t<\/div>\n\t\t\t\t<\/div>\n\t\t\t<\/div>                 \n\t\t\t\t\n\t\t\t\t<div class=\"six columns mobile-three space-bottom mobile-fullwidth\">\n\t\t\t\t<div class=\"row\">\n\t\t\t\t\t<div class=\"twelve columns pV0H5 gallery_colorbox\">\n\t\t\t\t\t\t<a class=\"gallery_2col image\" rel=\"gallery-408\"  href=\"https:\/\/www.maestral-camping.hr\/wp-content\/uploads\/2015\/11\/b04.jpg\" title=\"\u010ciringito Viganj\">\n\t\t\t\t\t\t\t\t\t\t\t<img src=\"https:\/\/www.maestral-camping.hr\/wp-content\/uploads\/2015\/11\/b04-400x250.jpg\" alt=\"\u010ciringito Viganj\" title=\"\u010ciringito Viganj\"\/>\n\t\t\t\t\t\t\t\t\t\t\t<\/a>\n\t\t\t\t\t<\/div>\n\t\t\t\t<\/div>\n\t\t\t<\/div>                 \n\t\t\t\t\n\t\t\t\t<div class=\"six columns mobile-three space-bottom mobile-fullwidth\">\n\t\t\t\t<div class=\"row\">\n\t\t\t\t\t<div class=\"twelve columns pV0H5 gallery_colorbox\">\n\t\t\t\t\t\t<a class=\"gallery_2col image\" rel=\"gallery-408\"  href=\"https:\/\/www.maestral-camping.hr\/wp-content\/uploads\/2015\/11\/b06.jpg\" title=\"\u010ciringito Viganj\">\n\t\t\t\t\t\t\t\t\t\t\t<img src=\"https:\/\/www.maestral-camping.hr\/wp-content\/uploads\/2015\/11\/b06-400x250.jpg\" alt=\"\u010ciringito Viganj\" title=\"\u010ciringito Viganj\"\/>\n\t\t\t\t\t\t\t\t\t\t\t<\/a>\n\t\t\t\t\t<\/div>\n\t\t\t\t<\/div>\n\t\t\t<\/div>                 \n\t\t\t\t\n\t\t\t\t<div class=\"six columns mobile-three space-bottom mobile-fullwidth\">\n\t\t\t\t<div class=\"row\">\n\t\t\t\t\t<div class=\"twelve columns pV0H5 gallery_colorbox\">\n\t\t\t\t\t\t<a class=\"gallery_2col image\" rel=\"gallery-408\"  href=\"https:\/\/www.maestral-camping.hr\/wp-content\/uploads\/2015\/11\/b07.jpg\" title=\"\u010ciringito Viganj\">\n\t\t\t\t\t\t\t\t\t\t\t<img src=\"https:\/\/www.maestral-camping.hr\/wp-content\/uploads\/2015\/11\/b07-400x250.jpg\" alt=\"\u010ciringito Viganj\" title=\"\u010ciringito Viganj\"\/>\n\t\t\t\t\t\t\t\t\t\t\t<\/a>\n\t\t\t\t\t<\/div>\n\t\t\t\t<\/div>\n\t\t\t<\/div>                 \n\t\t\t\t\n\t\t\t\t<div class=\"six columns mobile-three space-bottom mobile-fullwidth\">\n\t\t\t\t<div class=\"row\">\n\t\t\t\t\t<div class=\"twelve columns pV0H5 gallery_colorbox\">\n\t\t\t\t\t\t<a class=\"gallery_2col image\" rel=\"gallery-408\"  href=\"https:\/\/www.maestral-camping.hr\/wp-content\/uploads\/2021\/03\/20190714_150538-scaled.jpg\" title=\"\u010ciringito Viganj\">\n\t\t\t\t\t\t\t\t\t\t\t<img src=\"https:\/\/www.maestral-camping.hr\/wp-content\/uploads\/2021\/03\/20190714_150538-scaled-400x250.jpg\" alt=\"\u010ciringito Viganj\" title=\"\u010ciringito Viganj\"\/>\n\t\t\t\t\t\t\t\t\t\t\t<\/a>\n\t\t\t\t\t<\/div>\n\t\t\t\t<\/div>\n\t\t\t<\/div>                 \n\t\t\t\t\n\t\t\t\t<div class=\"six columns mobile-three space-bottom mobile-fullwidth\">\n\t\t\t\t<div class=\"row\">\n\t\t\t\t\t<div class=\"twelve columns pV0H5 gallery_colorbox\">\n\t\t\t\t\t\t<a class=\"gallery_2col image\" rel=\"gallery-408\"  href=\"https:\/\/www.maestral-camping.hr\/wp-content\/uploads\/2021\/03\/20190716_135541.jpg\" title=\"\u010ciringito Viganj\">\n\t\t\t\t\t\t\t\t\t\t\t<img src=\"https:\/\/www.maestral-camping.hr\/wp-content\/uploads\/2021\/03\/20190716_135541-400x250.jpg\" alt=\"\u010ciringito Viganj\" title=\"\u010ciringito Viganj\"\/>\n\t\t\t\t\t\t\t\t\t\t\t<\/a>\n\t\t\t\t\t<\/div>\n\t\t\t\t<\/div>\n\t\t\t<\/div>                 \n\t\t\t\t\n\t\t\t\t<div class=\"six columns mobile-three space-bottom mobile-fullwidth\">\n\t\t\t\t<div class=\"row\">\n\t\t\t\t\t<div class=\"twelve columns pV0H5 gallery_colorbox\">\n\t\t\t\t\t\t<a class=\"gallery_2col image\" rel=\"gallery-408\"  href=\"https:\/\/www.maestral-camping.hr\/wp-content\/uploads\/2021\/03\/20190717_140529.jpg\" title=\"\u010ciringito Viganj\">\n\t\t\t\t\t\t\t\t\t\t\t<img src=\"https:\/\/www.maestral-camping.hr\/wp-content\/uploads\/2021\/03\/20190717_140529-400x250.jpg\" alt=\"\u010ciringito Viganj\" title=\"\u010ciringito Viganj\"\/>\n\t\t\t\t\t\t\t\t\t\t\t<\/a>\n\t\t\t\t\t<\/div>\n\t\t\t\t<\/div>\n\t\t\t<\/div>                 \n\t\t\t\t\n\t\t\t\t<div class=\"six columns mobile-three space-bottom mobile-fullwidth\">\n\t\t\t\t<div class=\"row\">\n\t\t\t\t\t<div class=\"twelve columns pV0H5 gallery_colorbox\">\n\t\t\t\t\t\t<a class=\"gallery_2col image\" rel=\"gallery-408\"  href=\"https:\/\/www.maestral-camping.hr\/wp-content\/uploads\/2021\/03\/20190717_154312.jpg\" title=\"Maestral Viganj\">\n\t\t\t\t\t\t\t\t\t\t\t<img src=\"https:\/\/www.maestral-camping.hr\/wp-content\/uploads\/2021\/03\/20190717_154312-400x250.jpg\" alt=\"Maestral Viganj\" title=\"Maestral Viganj\"\/>\n\t\t\t\t\t\t\t\t\t\t\t<\/a>\n\t\t\t\t\t<\/div>\n\t\t\t\t<\/div>\n\t\t\t<\/div>                 \n\t\t\t\t\n\t\t\t\t<div class=\"six columns mobile-three space-bottom mobile-fullwidth\">\n\t\t\t\t<div class=\"row\">\n\t\t\t\t\t<div class=\"twelve columns pV0H5 gallery_colorbox\">\n\t\t\t\t\t\t<a class=\"gallery_2col image\" rel=\"gallery-408\"  href=\"https:\/\/www.maestral-camping.hr\/wp-content\/uploads\/2021\/03\/20190717_154435-1.jpg\" title=\"\u010ciringito Viganj\">\n\t\t\t\t\t\t\t\t\t\t\t<img src=\"https:\/\/www.maestral-camping.hr\/wp-content\/uploads\/2021\/03\/20190717_154435-1-400x250.jpg\" alt=\"\u010ciringito Viganj\" title=\"\u010ciringito Viganj\"\/>\n\t\t\t\t\t\t\t\t\t\t\t<\/a>\n\t\t\t\t\t<\/div>\n\t\t\t\t<\/div>\n\t\t\t<\/div>                 \n\t\t\t\t\n\t\t\t\t<div class=\"six columns mobile-three space-bottom mobile-fullwidth\">\n\t\t\t\t<div class=\"row\">\n\t\t\t\t\t<div class=\"twelve columns pV0H5 gallery_colorbox\">\n\t\t\t\t\t\t<a class=\"gallery_2col image\" rel=\"gallery-408\"  href=\"https:\/\/www.maestral-camping.hr\/wp-content\/uploads\/2021\/03\/20190810_173520.jpg\" title=\"\u010ciringito Viganj\">\n\t\t\t\t\t\t\t\t\t\t\t<img src=\"https:\/\/www.maestral-camping.hr\/wp-content\/uploads\/2021\/03\/20190810_173520-400x250.jpg\" alt=\"\u010ciringito Viganj\" title=\"\u010ciringito Viganj\"\/>\n\t\t\t\t\t\t\t\t\t\t\t<\/a>\n\t\t\t\t\t<\/div>\n\t\t\t\t<\/div>\n\t\t\t<\/div>                 \n\t\t\t\t\n\t\t\t\t<div class=\"six columns mobile-three space-bottom mobile-fullwidth\">\n\t\t\t\t<div class=\"row\">\n\t\t\t\t\t<div class=\"twelve columns pV0H5 gallery_colorbox\">\n\t\t\t\t\t\t<a class=\"gallery_2col image\" rel=\"gallery-408\"  href=\"https:\/\/www.maestral-camping.hr\/wp-content\/uploads\/2021\/03\/20200620_124700-scaled.jpg\" title=\"Maestral Viganj\">\n\t\t\t\t\t\t\t\t\t\t\t<img src=\"https:\/\/www.maestral-camping.hr\/wp-content\/uploads\/2021\/03\/20200620_124700-scaled-400x250.jpg\" alt=\"Maestral Viganj\" title=\"Maestral Viganj\"\/>\n\t\t\t\t\t\t\t\t\t\t\t<\/a>\n\t\t\t\t\t<\/div>\n\t\t\t\t<\/div>\n\t\t\t<\/div>                 \n\t\t\t\t\n\t\t\t\t<div class=\"six columns mobile-three space-bottom mobile-fullwidth\">\n\t\t\t\t<div class=\"row\">\n\t\t\t\t\t<div class=\"twelve columns pV0H5 gallery_colorbox\">\n\t\t\t\t\t\t<a class=\"gallery_2col image\" rel=\"gallery-408\"  href=\"https:\/\/www.maestral-camping.hr\/wp-content\/uploads\/2021\/03\/20200620_125055.jpg\" title=\"\u010ciringito Viganj\">\n\t\t\t\t\t\t\t\t\t\t\t<img src=\"https:\/\/www.maestral-camping.hr\/wp-content\/uploads\/2021\/03\/20200620_125055-400x250.jpg\" alt=\"\u010ciringito Viganj\" title=\"\u010ciringito Viganj\"\/>\n\t\t\t\t\t\t\t\t\t\t\t<\/a>\n\t\t\t\t\t<\/div>\n\t\t\t\t<\/div>\n\t\t\t<\/div>                 \n\t\t\t\t\n\t\t\t\t<div class=\"six columns mobile-three space-bottom mobile-fullwidth\">\n\t\t\t\t<div class=\"row\">\n\t\t\t\t\t<div class=\"twelve columns pV0H5 gallery_colorbox\">\n\t\t\t\t\t\t<a class=\"gallery_2col image\" rel=\"gallery-408\"  href=\"https:\/\/www.maestral-camping.hr\/wp-content\/uploads\/2021\/03\/20200620_175202.jpg\" title=\"Maestral Viganj\">\n\t\t\t\t\t\t\t\t\t\t\t<img src=\"https:\/\/www.maestral-camping.hr\/wp-content\/uploads\/2021\/03\/20200620_175202-400x250.jpg\" alt=\"Maestral Viganj\" title=\"Maestral Viganj\"\/>\n\t\t\t\t\t\t\t\t\t\t\t<\/a>\n\t\t\t\t\t<\/div>\n\t\t\t\t<\/div>\n\t\t\t<\/div>                 \n\t\t\t\t\n\t\t\n\n<\/div>            \n\n\n\n<div class=\"row gallery-space pV0H10\">\n\t\t\t\t<div class=\"six columns mobile-three space-bottom mobile-fullwidth\">\n\t\t\t\t<div class=\"row\">\n\t\t\t\t\t<div class=\"twelve columns pV0H5 gallery_colorbox\">\n\t\t\t\t\t\t<a class=\"gallery_2col image\" rel=\"gallery-448\"  href=\"https:\/\/www.maestral-camping.hr\/wp-content\/uploads\/2015\/11\/v01.jpg\" title=\"Viganj Surfing\">\n\t\t\t\t\t\t\t\t\t\t\t<img src=\"https:\/\/www.maestral-camping.hr\/wp-content\/uploads\/2015\/11\/v01-400x250.jpg\" alt=\"Viganj Surfing\" title=\"Viganj Surfing\"\/>\n\t\t\t\t\t\t\t\t\t\t\t<\/a>\n\t\t\t\t\t<\/div>\n\t\t\t\t<\/div>\n\t\t\t<\/div>                 \n\t\t\t\t\n\t\t\t\t<div class=\"six columns mobile-three space-bottom mobile-fullwidth\">\n\t\t\t\t<div class=\"row\">\n\t\t\t\t\t<div class=\"twelve columns pV0H5 gallery_colorbox\">\n\t\t\t\t\t\t<a class=\"gallery_2col image\" rel=\"gallery-448\"  href=\"https:\/\/www.maestral-camping.hr\/wp-content\/uploads\/2021\/03\/Viganj-3-Ive-Trojanovic.jpg\" title=\"Viganj by Ive Trojanovic\">\n\t\t\t\t\t\t\t\t\t\t\t<img src=\"https:\/\/www.maestral-camping.hr\/wp-content\/uploads\/2021\/03\/Viganj-3-Ive-Trojanovic-400x250.jpg\" alt=\"Viganj by Ive Trojanovic\" title=\"Viganj by Ive Trojanovic\"\/>\n\t\t\t\t\t\t\t\t\t\t\t<\/a>\n\t\t\t\t\t<\/div>\n\t\t\t\t<\/div>\n\t\t\t<\/div>                 \n\t\t\t\t\n\t\t\t\t<div class=\"six columns mobile-three space-bottom mobile-fullwidth\">\n\t\t\t\t<div class=\"row\">\n\t\t\t\t\t<div class=\"twelve columns pV0H5 gallery_colorbox\">\n\t\t\t\t\t\t<a class=\"gallery_2col image\" rel=\"gallery-448\"  href=\"https:\/\/www.maestral-camping.hr\/wp-content\/uploads\/2021\/03\/Viganj-1-Ive-Trojanovic.jpg\" title=\"Viganj by Ive Trojanovic\">\n\t\t\t\t\t\t\t\t\t\t\t<img src=\"https:\/\/www.maestral-camping.hr\/wp-content\/uploads\/2021\/03\/Viganj-1-Ive-Trojanovic-400x250.jpg\" alt=\"Viganj by Ive Trojanovic\" title=\"Viganj by Ive Trojanovic\"\/>\n\t\t\t\t\t\t\t\t\t\t\t<\/a>\n\t\t\t\t\t<\/div>\n\t\t\t\t<\/div>\n\t\t\t<\/div>                 \n\t\t\t\t\n\t\t\t\t<div class=\"six columns mobile-three space-bottom mobile-fullwidth\">\n\t\t\t\t<div class=\"row\">\n\t\t\t\t\t<div class=\"twelve columns pV0H5 gallery_colorbox\">\n\t\t\t\t\t\t<a class=\"gallery_2col image\" rel=\"gallery-448\"  href=\"https:\/\/www.maestral-camping.hr\/wp-content\/uploads\/2021\/03\/Photo-12-08-2020-18-23-08.jpg\" title=\"Ponta Beach Viganj\">\n\t\t\t\t\t\t\t\t\t\t\t<img src=\"https:\/\/www.maestral-camping.hr\/wp-content\/uploads\/2021\/03\/Photo-12-08-2020-18-23-08-400x250.jpg\" alt=\"Ponta Beach Viganj\" title=\"Ponta Beach Viganj\"\/>\n\t\t\t\t\t\t\t\t\t\t\t<\/a>\n\t\t\t\t\t<\/div>\n\t\t\t\t<\/div>\n\t\t\t<\/div>                 \n\t\t\t\t\n\t\t\t\t<div class=\"six columns mobile-three space-bottom mobile-fullwidth\">\n\t\t\t\t<div class=\"row\">\n\t\t\t\t\t<div class=\"twelve columns pV0H5 gallery_colorbox\">\n\t\t\t\t\t\t<a class=\"gallery_2col image\" rel=\"gallery-448\"  href=\"https:\/\/www.maestral-camping.hr\/wp-content\/uploads\/2021\/03\/Photo-12-08-2020-18-23-16-1.jpg\" title=\"Ponta Beach Viganj\">\n\t\t\t\t\t\t\t\t\t\t\t<img src=\"https:\/\/www.maestral-camping.hr\/wp-content\/uploads\/2021\/03\/Photo-12-08-2020-18-23-16-1-400x250.jpg\" alt=\"Ponta Beach Viganj\" title=\"Ponta Beach Viganj\"\/>\n\t\t\t\t\t\t\t\t\t\t\t<\/a>\n\t\t\t\t\t<\/div>\n\t\t\t\t<\/div>\n\t\t\t<\/div>                 \n\t\t\t\t\n\t\t\t\t<div class=\"six columns mobile-three space-bottom mobile-fullwidth\">\n\t\t\t\t<div class=\"row\">\n\t\t\t\t\t<div class=\"twelve columns pV0H5 gallery_colorbox\">\n\t\t\t\t\t\t<a class=\"gallery_2col image\" rel=\"gallery-448\"  href=\"https:\/\/www.maestral-camping.hr\/wp-content\/uploads\/2021\/03\/Photo-12-08-2020-18-20-48.jpg\" title=\"Ponta Beach Viganj\">\n\t\t\t\t\t\t\t\t\t\t\t<img src=\"https:\/\/www.maestral-camping.hr\/wp-content\/uploads\/2021\/03\/Photo-12-08-2020-18-20-48-400x250.jpg\" alt=\"Ponta Beach Viganj\" title=\"Ponta Beach Viganj\"\/>\n\t\t\t\t\t\t\t\t\t\t\t<\/a>\n\t\t\t\t\t<\/div>\n\t\t\t\t<\/div>\n\t\t\t<\/div>                 \n\t\t\t\t\n\t\t\n\n<\/div>            \n\n\n\n<div class=\"row gallery-space pV0H10\">\n\t\t\t\t<div class=\"six columns mobile-three space-bottom mobile-fullwidth\">\n\t\t\t\t<div class=\"row\">\n\t\t\t\t\t<div class=\"twelve columns pV0H5 gallery_colorbox\">\n\t\t\t\t\t\t<a class=\"gallery_2col image\" rel=\"gallery-659\"  href=\"https:\/\/www.maestral-camping.hr\/wp-content\/uploads\/2015\/11\/VIGANJ1-1400-Logo.jpg\" title=\"Viganj Peljesac\">\n\t\t\t\t\t\t\t\t\t\t\t<img src=\"https:\/\/www.maestral-camping.hr\/wp-content\/uploads\/2015\/11\/VIGANJ1-1400-Logo-400x250.jpg\" alt=\"Viganj Peljesac\" title=\"Viganj Peljesac\"\/>\n\t\t\t\t\t\t\t\t\t\t\t<\/a>\n\t\t\t\t\t<\/div>\n\t\t\t\t<\/div>\n\t\t\t<\/div>                 \n\t\t\t\t\n\t\t\t\t<div class=\"six columns mobile-three space-bottom mobile-fullwidth\">\n\t\t\t\t<div class=\"row\">\n\t\t\t\t\t<div class=\"twelve columns pV0H5 gallery_colorbox\">\n\t\t\t\t\t\t<a class=\"gallery_2col image\" rel=\"gallery-659\"  href=\"https:\/\/www.maestral-camping.hr\/wp-content\/uploads\/2015\/11\/VIGANJ2-1400-Logo.jpg\" title=\"Viganj Peljesac\">\n\t\t\t\t\t\t\t\t\t\t\t<img src=\"https:\/\/www.maestral-camping.hr\/wp-content\/uploads\/2015\/11\/VIGANJ2-1400-Logo-400x250.jpg\" alt=\"Viganj Peljesac\" title=\"Viganj Peljesac\"\/>\n\t\t\t\t\t\t\t\t\t\t\t<\/a>\n\t\t\t\t\t<\/div>\n\t\t\t\t<\/div>\n\t\t\t<\/div>                 \n\t\t\t\t\n\t\t\t\t<div class=\"six columns mobile-three space-bottom mobile-fullwidth\">\n\t\t\t\t<div class=\"row\">\n\t\t\t\t\t<div class=\"twelve columns pV0H5 gallery_colorbox\">\n\t\t\t\t\t\t<a class=\"gallery_2col image\" rel=\"gallery-659\"  href=\"https:\/\/www.maestral-camping.hr\/wp-content\/uploads\/2015\/11\/VIGANJ4-1400-Logo.jpg\" title=\"Viganj Peljesac\">\n\t\t\t\t\t\t\t\t\t\t\t<img src=\"https:\/\/www.maestral-camping.hr\/wp-content\/uploads\/2015\/11\/VIGANJ4-1400-Logo-400x250.jpg\" alt=\"Viganj Peljesac\" title=\"Viganj Peljesac\"\/>\n\t\t\t\t\t\t\t\t\t\t\t<\/a>\n\t\t\t\t\t<\/div>\n\t\t\t\t<\/div>\n\t\t\t<\/div>                 \n\t\t\t\t\n\t\t\t\t<div class=\"six columns mobile-three space-bottom mobile-fullwidth\">\n\t\t\t\t<div class=\"row\">\n\t\t\t\t\t<div class=\"twelve columns pV0H5 gallery_colorbox\">\n\t\t\t\t\t\t<a class=\"gallery_2col image\" rel=\"gallery-659\"  href=\"https:\/\/www.maestral-camping.hr\/wp-content\/uploads\/2015\/11\/VIGANJ5-1400-Logo.jpg\" title=\"Viganj Peljesac\">\n\t\t\t\t\t\t\t\t\t\t\t<img src=\"https:\/\/www.maestral-camping.hr\/wp-content\/uploads\/2015\/11\/VIGANJ5-1400-Logo-400x250.jpg\" alt=\"Viganj Peljesac\" title=\"Viganj Peljesac\"\/>\n\t\t\t\t\t\t\t\t\t\t\t<\/a>\n\t\t\t\t\t<\/div>\n\t\t\t\t<\/div>\n\t\t\t<\/div>                 \n\t\t\t\t\n\t\t\t\t<div class=\"six columns mobile-three space-bottom mobile-fullwidth\">\n\t\t\t\t<div class=\"row\">\n\t\t\t\t\t<div class=\"twelve columns pV0H5 gallery_colorbox\">\n\t\t\t\t\t\t<a class=\"gallery_2col image\" rel=\"gallery-659\"  href=\"https:\/\/www.maestral-camping.hr\/wp-content\/uploads\/2015\/11\/VIGANJ6-1400-Logo.jpg\" title=\"Viganj Peljesac\">\n\t\t\t\t\t\t\t\t\t\t\t<img src=\"https:\/\/www.maestral-camping.hr\/wp-content\/uploads\/2015\/11\/VIGANJ6-1400-Logo-400x250.jpg\" alt=\"Viganj Peljesac\" title=\"Viganj Peljesac\"\/>\n\t\t\t\t\t\t\t\t\t\t\t<\/a>\n\t\t\t\t\t<\/div>\n\t\t\t\t<\/div>\n\t\t\t<\/div>                 \n\t\t\t\t\n\t\t\t\t<div class=\"six columns mobile-three space-bottom mobile-fullwidth\">\n\t\t\t\t<div class=\"row\">\n\t\t\t\t\t<div class=\"twelve columns pV0H5 gallery_colorbox\">\n\t\t\t\t\t\t<a class=\"gallery_2col image\" rel=\"gallery-659\"  href=\"https:\/\/www.maestral-camping.hr\/wp-content\/uploads\/2015\/11\/VIGANJ7-1400-Logo.jpg\" title=\"Viganj Peljesac\">\n\t\t\t\t\t\t\t\t\t\t\t<img src=\"https:\/\/www.maestral-camping.hr\/wp-content\/uploads\/2015\/11\/VIGANJ7-1400-Logo-400x250.jpg\" alt=\"Viganj Peljesac\" title=\"Viganj Peljesac\"\/>\n\t\t\t\t\t\t\t\t\t\t\t<\/a>\n\t\t\t\t\t<\/div>\n\t\t\t\t<\/div>\n\t\t\t<\/div>                 \n\t\t\t\t\n\t\t\n\n<\/div>            \n\n\n","protected":false},"excerpt":{"rendered":"<p>Na ji\u017en\u00edm pob\u0159e\u017e\u00ed poloostrova Pelje\u0161ac se nach\u00e1z\u00ed Viganj, m\u00edsto bohat\u00e9 na n\u00e1mo\u0159n\u00ed, turistick\u00e9 a pohostinsk\u00e9 tradice. V roce 1936 byla ve Viganji zalo\u017eena turistick\u00e1 spole\u010dnost, prvn\u00ed v t\u00e9to \u010d\u00e1sti Jadranu. [&hellip;]<\/p>\n","protected":false},"author":1,"featured_media":0,"parent":0,"menu_order":0,"comment_status":"closed","ping_status":"closed","template":"","meta":[],"_links":{"self":[{"href":"https:\/\/www.maestral-camping.hr\/cs\/wp-json\/wp\/v2\/pages\/547"}],"collection":[{"href":"https:\/\/www.maestral-camping.hr\/cs\/wp-json\/wp\/v2\/pages"}],"about":[{"href":"https:\/\/www.maestral-camping.hr\/cs\/wp-json\/wp\/v2\/types\/page"}],"author":[{"embeddable":true,"href":"https:\/\/www.maestral-camping.hr\/cs\/wp-json\/wp\/v2\/users\/1"}],"replies":[{"embeddable":true,"href":"https:\/\/www.maestral-camping.hr\/cs\/wp-json\/wp\/v2\/comments?post=547"}],"version-history":[{"count":6,"href":"https:\/\/www.maestral-camping.hr\/cs\/wp-json\/wp\/v2\/pages\/547\/revisions"}],"predecessor-version":[{"id":1981,"href":"https:\/\/www.maestral-camping.hr\/cs\/wp-json\/wp\/v2\/pages\/547\/revisions\/1981"}],"wp:attachment":[{"href":"https:\/\/www.maestral-camping.hr\/cs\/wp-json\/wp\/v2\/media?parent=547"}],"curies":[{"name":"wp","href":"https:\/\/api.w.org\/{rel}","templated":true}]}}